{"id":378,"date":"2024-06-12T16:35:45","date_gmt":"2024-06-12T14:35:45","guid":{"rendered":"https:\/\/www.pedagog.uw.edu.pl\/earli2024\/?page_id=378"},"modified":"2024-06-12T18:34:37","modified_gmt":"2024-06-12T16:34:37","slug":"accommodation","status":"publish","type":"page","link":"https:\/\/www.pedagog.uw.edu.pl\/earli2024\/conference\/accommodation\/","title":{"rendered":"Accommodation"},"content":{"rendered":"<p>There are many hotels in the centre of Warsaw.<\/p>\n<p>Below you will find some recommendations regarding the accommodation<br \/>\n(various price range, but all conveniently situated regarding the conference venue)<\/p>\n<p style=\"font-weight: 400\"><a href=\"https:\/\/www.motel-one.com\/pl\/hotele\/warszawa\/hotel-warszawa-chopin\/\" data-saferedirecturl=\"https:\/\/www.google.com\/url?q=https:\/\/www.motel-one.com\/pl\/hotele\/warszawa\/hotel-warszawa-chopin\/&amp;source=gmail&amp;ust=1718289060137000&amp;usg=AOvVaw3NeeZIll_F7YwGjmDvZ4gW\">Motel\u00a0One\u00a0Warsaw-Chopin<\/a>\u00a0Address:\u00a0Tamka 38, \u015ar\u00f3dmie\u015bcie, 00-349 Warsaw<\/p>\n<p style=\"font-weight: 400\"><a href=\"https:\/\/www.tatamkahostel.pl\/en\" data-saferedirecturl=\"https:\/\/www.google.com\/url?q=https:\/\/www.tatamkahostel.pl\/en&amp;source=gmail&amp;ust=1718289060137000&amp;usg=AOvVaw3Rnh5grQf-CdlLcP-bihYl\">Tatamka Hostel<\/a>\u00a0Address:\u00a0Tamka 30, \u015ar\u00f3dmie\u015bcie, 00-355 Warsaw<\/p>\n<p style=\"font-weight: 400\"><a href=\"https:\/\/www.sofitel-victoria-warsaw.com\/\" data-saferedirecturl=\"https:\/\/www.google.com\/url?q=https:\/\/www.sofitel-victoria-warsaw.com\/&amp;source=gmail&amp;ust=1718289060137000&amp;usg=AOvVaw3EfCWmJUl0h3HoNpIQ52UQ\">Sofitel Warsaw Victoria<\/a>\u00a0Address:\u00a0ul. Kr\u00f3lewska 11, 00-065 Warsaw<\/p>\n<p style=\"font-weight: 400\"><a href=\"https:\/\/moonhostel.pl\/en\/warszawa\" data-saferedirecturl=\"https:\/\/www.google.com\/url?q=https:\/\/moonhostel.pl\/en\/warszawa&amp;source=gmail&amp;ust=1718289060137000&amp;usg=AOvVaw0pmTs3eLaOeh8EzhHkkH50\">Moon Hostel Warszawa<\/a>\u00a0Address:\u00a0Foksal 16, 00-372 Warsaw<\/p>\n<p style=\"font-weight: 400\"><a href=\"https:\/\/www.booking.com\/hotel\/pl\/deja-vu-hostel.pl\" data-saferedirecturl=\"https:\/\/www.google.com\/url?q=https:\/\/www.booking.com\/hotel\/pl\/deja-vu-hostel.pl&amp;source=gmail&amp;ust=1718289060137000&amp;usg=AOvVaw1ziqq0DQe0QQlF9LLXWFEm\">Deja Vu Hostel<\/a>\u00a0Address:\u00a0Karowa 31, 00-324 Warsaw<\/p>\n<p style=\"font-weight: 400\"><a href=\"https:\/\/jesshotel.pl\/\" data-saferedirecturl=\"https:\/\/www.google.com\/url?q=https:\/\/jesshotel.pl\/&amp;source=gmail&amp;ust=1718289060137000&amp;usg=AOvVaw3eQz46XsOw_-WKHhejJfV-\">Jess Hotel &amp; Spa Warsaw Old Town<\/a>\u00a0Address:\u00a0Krakowskie Przedmie\u015bcie 47\/49\/51, 00-079 Warsaw<\/p>\n<p style=\"font-weight: 400\"><a href=\"https:\/\/www.booking.com\/hotel\/pl\/warsaw-story-by-loft-affair.pl.html\" data-saferedirecturl=\"https:\/\/www.google.com\/url?q=https:\/\/www.booking.com\/hotel\/pl\/warsaw-story-by-loft-affair.pl.html&amp;source=gmail&amp;ust=1718289060137000&amp;usg=AOvVaw3Ao9RSOqXXz3lcBG3yeOPo\">Warsaw Story &#8211; LoftAffair Collection<\/a>\u00a0Address:\u00a053 Krakowskie Przedmie\u015bcie, 00-071 Warsaw<\/p>\n<p style=\"font-weight: 400\"><a href=\"https:\/\/indigowarsaw.com\/en\/\" data-saferedirecturl=\"https:\/\/www.google.com\/url?q=https:\/\/indigowarsaw.com\/en\/&amp;source=gmail&amp;ust=1718289060137000&amp;usg=AOvVaw0rxtQXdpe_8MVtrnt8uPRI\">Hotel Indigo Warsaw Nowy \u015awiat<\/a>\u00a0Address:\u00a0Smolna 40, 00-375 Warsaw<\/p>\n<p style=\"font-weight: 400\"><a href=\"https:\/\/warszawa.hotel.com.pl\/hotel-warszawa\" data-saferedirecturl=\"https:\/\/www.google.com\/url?q=https:\/\/warszawa.hotel.com.pl\/hotel-warszawa&amp;source=gmail&amp;ust=1718289060137000&amp;usg=AOvVaw0QiwV0V_LuFo0lk7CQnePy\">Hotel Warszawa<\/a>\u00a0Address:\u00a09 Plac Powstancow Warszawy, 00-039 Warsaw<\/p>\n<p style=\"font-weight: 400\"><a href=\"https:\/\/oldtownhotel.tiffi.com\/en\/\" data-saferedirecturl=\"https:\/\/www.google.com\/url?q=https:\/\/oldtownhotel.tiffi.com\/en\/&amp;source=gmail&amp;ust=1718289060137000&amp;usg=AOvVaw1O_V2MrS5dy50O1PpmJ5zk\">Tiffi Old Town Hotel<\/a>\u00a0Address:\u00a0Krakowskie Przedmie\u015bcie 7, 00-068 Warsaw<\/p>\n<p class=\"c-head-hotel-info__info-title\"><a href=\"https:\/\/www.barcelo.com\/en-ww\/barcelo-warsaw-powisle\/\" target=\"_blank\" rel=\"noopener\">Barcel\u00f3 Warsaw Powisle<\/a> Address: Wybrzeze Kosciuszkowskie 43a, 00-347 Warsaw<\/p>\n<p class=\"DUwDvf lfPIob\"><a href=\"https:\/\/www.bbwarsaw.com\/\" target=\"_blank\" rel=\"noopener\">Chopin Boutique B&amp;B<\/a> Address: Smolna 14, 00-375 Warsaw<\/p>\n<p class=\"FNkAEc o4k8l\" role=\"heading\"><a href=\"https:\/\/www.gromada.pl\/hotel-warszawa-centrum\" target=\"_blank\" rel=\"noopener\">Hotel Gromada Centrum<\/a> Address: plac Powsta\u0144c\u00f3w Warszawy 2, 00-030 Warszawa<\/p>\n<p>&nbsp;<\/p>\n","protected":false},"excerpt":{"rendered":"<p>There are many hotels in the centre of Warsaw. Below you will find some recommendations regarding the accommodation (various price range, but all conveniently situated regarding the conference venue) Motel\u00a0One\u00a0Warsaw-Chopin\u00a0Address:\u00a0Tamka 38, \u015ar\u00f3dmie\u015bcie, 00-349 Warsaw Tatamka Hostel\u00a0Address:\u00a0Tamka 30, \u015ar\u00f3dmie\u015bcie, 00-355 Warsaw Sofitel Warsaw Victoria\u00a0Address:\u00a0ul. Kr\u00f3lewska 11, 00-065 Warsaw Moon Hostel Warszawa\u00a0Address:\u00a0Foksal 16, 00-372 Warsaw Deja Vu [&hellip;]<\/p>\n","protected":false},"author":46,"featured_media":0,"parent":97,"menu_order":5,"comment_status":"closed","ping_status":"closed","template":"","meta":{"footnotes":""},"class_list":["post-378","page","type-page","status-publish","hentry"],"_links":{"self":[{"href":"https:\/\/www.pedagog.uw.edu.pl\/earli2024\/wp-json\/wp\/v2\/pages\/378","targetHints":{"allow":["GET"]}}],"collection":[{"href":"https:\/\/www.pedagog.uw.edu.pl\/earli2024\/wp-json\/wp\/v2\/pages"}],"about":[{"href":"https:\/\/www.pedagog.uw.edu.pl\/earli2024\/wp-json\/wp\/v2\/types\/page"}],"author":[{"embeddable":true,"href":"https:\/\/www.pedagog.uw.edu.pl\/earli2024\/wp-json\/wp\/v2\/users\/46"}],"replies":[{"embeddable":true,"href":"https:\/\/www.pedagog.uw.edu.pl\/earli2024\/wp-json\/wp\/v2\/comments?post=378"}],"version-history":[{"count":5,"href":"https:\/\/www.pedagog.uw.edu.pl\/earli2024\/wp-json\/wp\/v2\/pages\/378\/revisions"}],"predecessor-version":[{"id":382,"href":"https:\/\/www.pedagog.uw.edu.pl\/earli2024\/wp-json\/wp\/v2\/pages\/378\/revisions\/382"}],"up":[{"embeddable":true,"href":"https:\/\/www.pedagog.uw.edu.pl\/earli2024\/wp-json\/wp\/v2\/pages\/97"}],"wp:attachment":[{"href":"https:\/\/www.pedagog.uw.edu.pl\/earli2024\/wp-json\/wp\/v2\/media?parent=378"}],"curies":[{"name":"wp","href":"https:\/\/api.w.org\/{rel}","templated":true}]}}