{"id":273,"date":"2022-11-24T17:42:20","date_gmt":"2022-11-24T16:42:20","guid":{"rendered":"https:\/\/www.pedagog.uw.edu.pl\/idub\/?page_id=273"},"modified":"2022-12-23T11:21:42","modified_gmt":"2022-12-23T10:21:42","slug":"regulamin","status":"publish","type":"page","link":"https:\/\/www.pedagog.uw.edu.pl\/irss2023\/regulamin\/","title":{"rendered":"Regulamin"},"content":{"rendered":"<p align=\"center\"><span style=\"font-size: medium;\"><span lang=\"en-US\"><b>REGULAMIN<br \/>\n<\/b><\/span><\/span><b style=\"font-size: medium;\">THE INTERNATIONAL RESEARCH SUMMER SCHOOL 2023<br \/>\n<\/b><span style=\"font-size: medium;\"><span lang=\"en-US\"><b>ON QUALITATIVE RESEARCH AND ACADEMIC INTEGRITY IN EDUCATION (IRSS 2023)<\/b><\/span><\/span><\/p>\n<p align=\"center\"><span style=\"font-size: medium;\"><b>03 \u2013 07.07.2023 r., Warszawa<\/b><\/span><\/p>\n<p align=\"center\"><span style=\"font-size: medium;\"><b>Wprowadzenie<\/b><\/span><\/p>\n<p align=\"justify\"><span style=\"font-size: medium;\">Mi\u0119dzynarodowa letnia szko\u0142a naukowa The International Research Summer School 2023 on Qualitative Research and Academic Integrity in Education umo\u017cliwia doktorantom i m\u0142odym pracownikom naukowym poszerzenie ich wiedzy specjalistycznej dotycz\u0105cej bada\u0144 o\u00a0edukacji\/nad edukacj\u0105 o najnowsze \u015bwiatowe odkrycia z zakresu bada\u0144 jako\u015bciowych. IRSS 2023 oferuje r\u00f3\u017cne formy pracy sprzyjaj\u0105ce rozwijaniu kompetencji badawczych dotycz\u0105cych projektowania, realizacji i upowszechniania bada\u0144 jako\u015bciowych w naukach spo\u0142ecznych, eksponuj\u0105c etyk\u0119 bada\u0144. The International Research Summer School 2023 on Qualitative Research and Academic Integrity in Education ma prowadzi\u0107 do nawi\u0105zywania kontakt\u00f3w z\u00a0uznanymi mi\u0119dzynarodowo ekspertami, kt\u00f3rzy mog\u0105 by\u0107 zainteresowani podj\u0119ciem wsp\u00f3\u0142pracy naukowej z uczestnikami IRSS 2023 i przyj\u0119ciem ich do swoich grup badawczych.<\/span><\/p>\n<p align=\"center\"><span style=\"font-size: medium;\"><b>Postanowienia og\u00f3lne<\/b><\/span><\/p>\n<p align=\"justify\"><span style=\"font-size: medium;\"><b>\u00a7 1. <\/b><\/span><span style=\"font-size: medium;\">1.<\/span><b> <\/b><span style=\"font-size: medium;\">The International Research Summer School 2023 on Qualitative Research and Academic Integrity in Education (dalej: \u201cSzko\u0142a\u201d lub \u201eIRSS 2023\u201d<\/span><span style=\"font-size: xx-small;\"><span style=\"font-size: medium;\">) j<\/span><\/span><span style=\"font-size: medium;\">est projektem realizowanym w\u00a0ramach programu \u201eInicjatywa doskona\u0142o\u015bci \u2013 uczelnia badawcza\u201d (IDUB),<\/span> <span style=\"font-size: medium;\">Dzia\u0142anie IV.4.2 \u201eMi\u0119dzynarodowe szko\u0142y letnie dla doktorant\u00f3w i m\u0142odych pracownik\u00f3w naukowych\u201d.<\/span><\/p>\n<p align=\"justify\"><span style=\"font-size: medium;\">2.<\/span><b> <\/b><span style=\"font-size: medium;\">Organizatorem IRSS 2023 jest Wydzia\u0142 Pedagogiczny Uniwersytetu Warszawskiego (dalej: \u201cOrganizator\u201d).<\/span><\/p>\n<p align=\"justify\"><span style=\"font-size: medium;\">3. Organizator jest reprezentowany przez dr. hab. Rafa\u0142a Godonia, prof. ucz. \u2013 Dziekana Wydzia\u0142u Pedagogicznego Uniwersytetu Warszawskiego.<\/span><\/p>\n<p><a name=\"_Hlk121480349\"><\/a> <span style=\"font-size: medium;\">4.<\/span> <span style=\"font-size: medium;\">Zesp\u00f3\u0142 organizacyjny IRSS 2023 powo\u0142uje Kierownik Programu \u2013 Prorektor ds. Bada\u0144.<\/span><\/p>\n<p><span style=\"font-size: medium;\">5. Do g\u0142\u00f3wnych zada\u0144 zespo\u0142u nale\u017cy:<\/span><\/p>\n<p style=\"padding-left: 40px;\"><span style=\"font-size: medium;\">a) przygotowanie organizacyjne i merytoryczne Szko\u0142y,<\/span><\/p>\n<p style=\"padding-left: 40px;\"><span style=\"font-size: medium;\">b) opracowanie regulaminu Szko\u0142y,<\/span><\/p>\n<p style=\"padding-left: 40px;\"><span style=\"font-size: medium;\">c) przeprowadzenie procesu rekrutacji uczestnik\u00f3w Szko\u0142y,<\/span><\/p>\n<p style=\"padding-left: 40px;\"><span style=\"font-size: medium;\">d) pozyskanie wyk\u0142adowc\u00f3w i opracowanie programu Szko\u0142y,<\/span><\/p>\n<p style=\"padding-left: 40px;\"><span style=\"font-size: medium;\">e) budowa i prowadzenie strony internetowej Szko\u0142y,<\/span><\/p>\n<p style=\"padding-left: 40px;\"><span style=\"font-size: medium;\">f) opracowanie element\u00f3w wizualizacyjnych Szko\u0142y i materia\u0142\u00f3w konferencyjnych,<\/span><\/p>\n<p style=\"padding-left: 40px;\"><span style=\"font-size: medium;\">g) kontakt z wyk\u0142adowcami Szko\u0142y, rezerwacja bilet\u00f3w lotniczych i hoteli dla wyk\u0142adowc\u00f3w,<\/span><\/p>\n<p style=\"padding-left: 40px;\"><span style=\"font-size: medium;\">h) prowadzenie biura Szko\u0142y,<\/span><\/p>\n<p style=\"padding-left: 40px;\"><span style=\"font-size: medium;\">i) czuwanie nad przebiegiem Szko\u0142y zgodnie z jej programem,<\/span><\/p>\n<p style=\"padding-left: 40px;\"><span style=\"font-size: medium;\">j) zako\u0144czenie prac Szko\u0142y, wydanie stosownych dyplom\u00f3w,<\/span><\/p>\n<p style=\"padding-left: 40px;\"><span style=\"font-size: medium;\">k) ewaluacja Szko\u0142y,<\/span><\/p>\n<p style=\"padding-left: 40px;\"><span style=\"font-size: medium;\">l) sporz\u0105dzenie sprawozdania merytorycznego i rozliczenie finansowe Szko\u0142y.<\/span><\/p>\n<p><span style=\"font-size: medium;\">6.<\/span><span style=\"font-size: medium;\"> Uczestnikiem Szko\u0142y mo\u017ce by\u0107:<\/span><\/p>\n<p style=\"padding-left: 40px;\"><span style=\"font-size: medium;\">a) doktorant posiadaj\u0105cy status doktoranta przez ca\u0142y okres trwania Szko\u0142y;<\/span><\/p>\n<p style=\"padding-left: 40px;\" align=\"justify\"><span style=\"font-size: medium;\">b) m\u0142ody pracownik naukowy, kt\u00f3ry uzyska\u0142 stopie\u0144 doktora nie wcze\u015bniej ni\u017c 7 lat przed dniem og\u0142oszenia<\/span> <span style=\"font-family: Segoe UI, serif;\"><span style=\"font-size: small;\"><span style=\"font-family: Calibri, serif;\"><span style=\"font-size: medium;\">naboru do Szko\u0142y.<\/span><\/span><\/span><\/span><\/p>\n<p><span style=\"font-size: medium;\">7.<\/span><span style=\"font-size: medium;\"> Udzia\u0142 w IRSS 2023 jest odp\u0142atny. <\/span><\/p>\n<p><span style=\"font-size: medium;\">8.<\/span><span style=\"font-size: medium;\"> Szko\u0142a realizowana jest w ci\u0105gu 5 dni w terminie od 3.07.2023 r. do 7.07.2023 r.<\/span><\/p>\n<p align=\"justify\"><span style=\"font-size: medium;\">9.<\/span><span style=\"font-size: medium;\"> Liczba uczestnik\u00f3w Szko\u0142y wynosi minimum 30 os\u00f3b, z czego po\u0142ow\u0119 powinni stanowi\u0107 uczestnicy pracuj\u0105cy lub kszta\u0142c\u0105cy si\u0119 w uczelni zagranicznej. <\/span><\/p>\n<p align=\"justify\"><span style=\"font-size: medium;\">10.<\/span><span style=\"font-size: medium;\"> Maksymalna liczba uczestnik\u00f3w Szko\u0142y wynosi 50 os\u00f3b, z czego po\u0142ow\u0119 powinni stanowi\u0107 uczestnicy pracuj\u0105cy lub kszta\u0142c\u0105cy si\u0119 w uczelni zagranicznej. <\/span><\/p>\n<p align=\"justify\"><span style=\"font-size: medium;\">11.<\/span><b> <\/b><span style=\"font-size: medium;\">W ramach IRSS 2023 udzia\u0142 doktorant\u00f3w i pracownik\u00f3w naukowych Uniwersytetu Warszawskiego nie powinien przekracza\u0107 1\/3 og\u00f3\u0142u uczestnik\u00f3w.<\/span><\/p>\n<p align=\"justify\"><span style=\"font-size: medium;\">12.<\/span><span style=\"font-size: medium;\"> Szko\u0142a jest prowadzona w j\u0119zyku angielskim zgodnie z jej Programem opublikowanym na stronie internetowej <\/span><span style=\"color: #0000ff;\"><u><a href=\"http:\/\/www.irss2023.pl\/\"><span style=\"color: #000000;\"><span style=\"font-size: medium;\">www.irss2023.pl<\/span><\/span><\/a><\/u><\/span><u> <\/u><\/p>\n<p>&nbsp;<\/p>\n<p align=\"center\"><span style=\"font-size: medium;\"><b>Zasady rekrutacji<\/b><\/span><\/p>\n<p><span style=\"font-size: medium;\"><b>\u00a7 2. <\/b><\/span><span style=\"font-size: medium;\">1.<\/span><span style=\"font-size: medium;\"> Rekrutacja do Szko\u0142y rozpocznie si\u0119 20.XII.2022 r. i zako\u0144czy 20.II.2023 r. <\/span><\/p>\n<p align=\"justify\"><span style=\"font-size: medium;\">2.<\/span><span style=\"font-size: medium;\"> Osoby zainteresowane udzia\u0142em w IRSS 2023 powinny w terminie wskazanym w ust. 1 wype\u0142ni\u0107 i przes\u0142a\u0107 formularz rejestracyjny, kt\u00f3ry jest udost\u0119pniony na stronie: <\/span><span style=\"color: #0000ff;\"><u><a href=\"http:\/\/www.irss2023.pl\/\"><span style=\"color: #000000;\"><span style=\"font-size: medium;\">www.irss2023.pl<\/span><\/span><\/a><\/u><\/span><\/p>\n<p align=\"justify\"><span style=\"font-size: medium;\">3. <\/span><span style=\"font-size: medium;\">W formularzu rejestracyjnym kandydat podaje swoje dane osobowe i kontaktowe, zamieszcza list motywacyjny oraz wyra\u017ca zgod\u0119 na przetwarzanie danych (RODO) przez Organizatora.<\/span><\/p>\n<p align=\"justify\"><span style=\"font-size: medium;\">4.<\/span><span style=\"font-size: medium;\"> Wys\u0142anie formularza rejestracyjnego przez kandydata jest mo\u017cliwe wy\u0142\u0105cznie po zaakceptowaniu niniejszego regulaminu.<\/span><\/p>\n<p align=\"justify\"><span style=\"font-size: medium;\">5. Ocen\u0119 kandydatur przeprowadza komisja konkursowa, powo\u0142ana przez Kierownika Programu \u2013 Prorektora ds. Bada\u0144 UW. Z wnioskiem o powo\u0142anie komisji konkursowej wyst\u0119puje Przewodnicz\u0105cy zespo\u0142u organizacyjnego albo upowa\u017cniony przez niego Zast\u0119pca. Do wniosku nale\u017cy do\u0142\u0105czy\u0107 opini\u0119 Dziekana Wydzia\u0142u Pedagogicznego. <\/span><\/p>\n<p align=\"justify\"><span style=\"font-size: medium;\">6. Komisja konkursowa przeprowadza ocen\u0119 w oparciu o tre\u015b\u0107 listu motywacyjnego. Komisja konkursowa tworzy listy kandydat\u00f3w przyj\u0119tych i rezerwowych osobno dla ka\u017cdej z trzech kategorii kandydat\u00f3w: 1. Kandydaci z Uniwersytetu Warszawskiego 2. Kandydaci z zagranicy 3. Pozostali. Wynik naboru zatwierdza Dziekan Wydzia\u0142u Pedagogicznego. <\/span><\/p>\n<p align=\"justify\"><span style=\"font-size: medium;\">7. Od decyzji Dziekana Wydzia\u0142u Pedagogicznego nie przys\u0142uguje odwo\u0142anie. <\/span><\/p>\n<p><span style=\"font-size: medium;\">8. O wynikach naboru do Szko\u0142y kandydaci zostan\u0105 powiadomieni przez Przewodnicz\u0105cego zespo\u0142u organizacyjnego lub Zast\u0119pc\u0119 drog\u0105 mailow\u0105 w terminie do 01.03.2023 r. <\/span><\/p>\n<p><span style=\"font-size: medium;\">9.<\/span><span style=\"font-size: medium;\"> W przypadku niewype\u0142nienia limitu miejsc, Organizator przeprowadzi dodatkowy nab\u00f3r w terminie: od 02.03.2023 r. do 20.03.2023 r. <\/span><\/p>\n<p><span style=\"font-size: medium;\">10.<\/span><span style=\"font-size: medium;\"> O wynikach dodatkowego naboru do Szko\u0142y kandydaci zostan\u0105 powiadomieni w terminie do 31.03.2023 r. <\/span><\/p>\n<p align=\"justify\"><span style=\"font-size: medium;\">11. Uczestnik Szko\u0142y jest zobowi\u0105zany do wniesienia op\u0142aty, o kt\u00f3rej mowa w par. 5 ust. 2, w ci\u0105gu 21 dni od dnia otrzymania maila z informacj\u0105 o zakwalifikowaniu do udzia\u0142u w Szkole. W przypadku niewniesienia op\u0142aty Dziekan Wydzia\u0142u Pedagogicznego mo\u017ce uniewa\u017cni\u0107 decyzj\u0119 o zakwalifikowaniu do IRSS 2023. Na zwolnione miejsce zostaje przyj\u0119ta kolejna osoba z listy rezerwowej, o ile nie zaburzy to proporcji okre\u015blonych w par. 1 ust. 9-11.<\/span><\/p>\n<p>&nbsp;<\/p>\n<p align=\"center\"><span style=\"font-size: medium;\"><b>Prawa i obowi\u0105zki organizatora<\/b><\/span><\/p>\n<p align=\"justify\"><span style=\"font-size: medium;\"><b>\u00a7 3. <\/b><\/span><span style=\"font-size: medium;\">1.<\/span><span style=\"font-size: medium;\"> Organizator ma prawo do przetwarzania danych osobowych zgodnie z zasadami okre\u015blonymi w klauzuli informacyjnej zawartej w formularzu rekrutacyjnym.<\/span><\/p>\n<p align=\"justify\"><span style=\"font-size: medium;\">2.<\/span><span style=\"font-size: medium;\"> Organizator ma prawo w uzasadnionych przypadkach do zmiany termin\u00f3w (dziennych i godzinowych) dotycz\u0105cych realizacji IRSS 2023.<\/span><\/p>\n<p align=\"justify\"><span style=\"font-size: medium;\">3.<\/span><span style=\"font-size: medium;\"> Organizator ma prawo w dowolnym momencie przed rozpocz\u0119ciem Szko\u0142y zadecydowa\u0107 o zmianie terminu realizacji Szko\u0142y, je\u015bli wymaga\u0107 tego b\u0119dzie sytuacja epidemiczna b\u0105d\u017a inne ograniczenia w funkcjonowaniu Uniwersytetu Warszawskiego wprowadzone przez Rektora Uniwersytetu Warszawskiego. Szko\u0142a powinna odby\u0107 si\u0119 nie p\u00f3\u017aniej jednak ni\u017c do 30 wrze\u015bnia 2023 roku. Organizator niezw\u0142ocznie poinformuje kandydat\u00f3w lub uczestnik\u00f3w IRSS 2023 o podj\u0119ciu tej decyzji. <\/span><\/p>\n<p align=\"justify\"><span style=\"font-size: medium;\">4.<\/span><span style=\"font-size: medium;\"> Organizator zastrzega sobie prawo do odwo\u0142ania Szko\u0142y lub proporcjonalnego zmniejszenia liczby uczestnik\u00f3w z zachowaniem zasad procentowego doboru kandydat\u00f3w jak w \u00a7 1 ust. 9 i ust. 10 oraz ust. 11 w przypadku, kiedy wyniki rekrutacji nie b\u0119d\u0105 zadowalaj\u0105ce (zbyt ma\u0142a liczba zg\u0142osze\u0144).<\/span><\/p>\n<p><span style=\"font-size: medium;\">5.<\/span><span style=\"font-size: medium;\"> Organizator ma obowi\u0105zek zorganizowa\u0107 oraz zapewni\u0107:<\/span><\/p>\n<p style=\"padding-left: 40px;\"><span style=\"font-size: medium;\">a) realizacj\u0119 zaj\u0119\u0107 zgodnie z programem Szko\u0142y;<\/span><\/p>\n<p style=\"padding-left: 40px;\"><span style=\"font-size: medium;\">b) kadr\u0119 eksperck\u0105 posiadaj\u0105c\u0105 kompetencje merytoryczne do prowadzenia zaj\u0119\u0107 przewidzianych programem Szko\u0142y;<\/span><\/p>\n<p style=\"padding-left: 40px;\"><span style=\"font-size: medium;\">c) przerwy kawowe i obiadowe dla uczestnik\u00f3w;<\/span><\/p>\n<p style=\"padding-left: 40px;\"><span style=\"font-size: medium;\">d) wydanie uczestnikom dyplomu uko\u0144czenia Szko\u0142y po spe\u0142nieniu wymaga\u0144 okre\u015blonych przez Organizatora, obejmuj\u0105cych m.in.:<\/span><\/p>\n<p style=\"padding-left: 80px;\"><span style=\"font-size: medium;\">&#8211; aktywne uczestnictwo w zaj\u0119ciach Szko\u0142y<\/span><span style=\"font-size: xx-small;\">,<\/span><span style=\"font-size: medium;\"> zgodnie z jej programem, <\/span><\/p>\n<p style=\"padding-left: 80px;\"><span style=\"font-size: medium;\">&#8211; przynajmniej 80% frekwencja na zaj\u0119ciach w Szkole,<\/span><\/p>\n<p style=\"padding-left: 80px;\"><span style=\"font-size: medium;\">&#8211; przedstawienie realizowanego przez siebie projektu badawczego uczestnikom Szko\u0142y w ramach zaj\u0119\u0107 grupowych, zgodnie z programem Szko\u0142y.<\/span><\/p>\n<p align=\"center\">\n<p align=\"center\"><span style=\"font-size: medium;\"><b>Prawa i obowi\u0105zki uczestnika<\/b><\/span><\/p>\n<p><span style=\"font-size: medium;\"><b>\u00a7 4. <\/b><\/span><span style=\"font-size: medium;\">1.<\/span><span style=\"font-size: medium;\"> Uczestnik ma prawo do:<\/span><\/p>\n<p style=\"padding-left: 40px;\" align=\"justify\">a)\u00a0<a name=\"_Hlk121857601\"><\/a> <span style=\"font-size: medium;\">udzia\u0142u w wyk\u0142adach i seminariach przewidzianych w programie Szko\u0142y;<\/span><\/p>\n<p style=\"padding-left: 40px;\" align=\"justify\"><span style=\"font-size: medium;\">b) udzia\u0142u w sesjach i warsztatach realizowanych w trakcie Szko\u0142y;<\/span><\/p>\n<p style=\"padding-left: 40px;\" align=\"justify\"><span style=\"font-size: medium;\">c) indywidualnych konsultacji z kadr\u0105 eksperck\u0105 dotycz\u0105cych projektu badawczego uczestnika Szko\u0142y;<\/span><\/p>\n<p style=\"padding-left: 40px;\" align=\"justify\"><span style=\"font-size: medium;\">d) przedstawienia realizowanego przez siebie projektu badawczego w ramach zaj\u0119\u0107 grupowych Szko\u0142y;<\/span><\/p>\n<p style=\"padding-left: 40px;\" align=\"justify\"><span style=\"font-size: medium;\">e) otrzymania materia\u0142\u00f3w konferencyjnych;<\/span><\/p>\n<p style=\"padding-left: 40px;\" align=\"justify\"><span style=\"font-size: medium;\">f) korzystania z przerw kawowych i obiad\u00f3w zapewnionych przez Organizatora w trakcie Szko\u0142y;<\/span><\/p>\n<p style=\"padding-left: 40px;\" align=\"justify\"><span style=\"font-size: medium;\">g) komunikowania si\u0119 w kwestiach zwi\u0105zanych ze Szko\u0142\u0105 z Organizatorem: Biuro IRSS 2023 \u2013 dy\u017cur informacyjny pod adresem e-mail: <\/span><span style=\"color: #0000ff;\"><u><a href=\"mailto:irss2023@uw.edu.pl\"><span style=\"color: #000000;\"><span style=\"font-size: medium;\">irss2023@uw.edu.pl<\/span><\/span><\/a><\/u><\/span><span style=\"font-size: medium;\"> lub osobi\u015bcie przy stoisku Biura IRSS 2023 w trakcie Szko\u0142y.<\/span><\/p>\n<p><span style=\"font-size: medium;\">2. <\/span><span style=\"font-size: medium;\">Uczestnik zobowi\u0105zuje si\u0119 do:<\/span><\/p>\n<p style=\"padding-left: 40px;\" align=\"justify\"><span style=\"font-size: medium;\">a) przestrzegania regulaminu Szko\u0142y;<\/span><\/p>\n<p style=\"padding-left: 40px;\" align=\"justify\"><span style=\"font-size: medium;\">b) uczestnictwa w zaj\u0119ciach Szko\u0142y potwierdzanego podpisami na listach obecno\u015bci;<\/span><\/p>\n<p style=\"padding-left: 40px;\" align=\"justify\"><span style=\"font-size: medium;\">c) wype\u0142nienia ankiet ewaluacyjnych IRSS 2023 (on-line) po zako\u0144czeniu Szko\u0142y.<\/span><\/p>\n<p align=\"center\"><span style=\"font-size: medium;\"><b>Op\u0142aty <\/b><\/span><\/p>\n<p align=\"justify\"><span style=\"font-size: medium;\"><b>\u00a7 5. <\/b><\/span><span style=\"font-size: medium;\">1<\/span><span style=\"font-size: medium;\"><b>.<\/b><\/span><span style=\"font-size: medium;\"> IRSS 2023 jest projektem finansowanym przez Uniwersytet Warszawski (program IDUB, Dzia\u0142anie IV.4.2) oraz z op\u0142at konferencyjnych.<\/span><\/p>\n<p align=\"justify\"><span style=\"font-size: medium;\">2<\/span><span style=\"font-size: medium;\"><b>.<\/b><\/span><span style=\"font-size: medium;\"> Op\u0142ata za udzia\u0142 w IRSS 2023 wynosi 930 PLN (195 EUR) i jest przeznaczona na pokrycie koszt\u00f3w Szko\u0142y dotycz\u0105cych: <\/span><\/p>\n<p style=\"padding-left: 40px;\" align=\"justify\"><a name=\"_Hlk120211576\"><\/a>\u00a0a) <span style=\"font-size: medium;\">organizacji sesji, wyk\u0142ad\u00f3w i warsztat\u00f3w IRSS 2023 wraz z indywidualnymi oraz grupowymi konsultacjami dotycz\u0105cymi projektu badawczego uczestnika IRSS 2023;<\/span><\/p>\n<p style=\"padding-left: 40px;\" align=\"justify\"><span style=\"font-size: medium;\">b) organizacji przerw kawowych i obiadowych w czasie trwania Szko\u0142y;<\/span><\/p>\n<p style=\"padding-left: 40px;\" align=\"justify\"><span style=\"font-size: medium;\">c) przygotowania materia\u0142\u00f3w konferencyjnych.<\/span><\/p>\n<p align=\"justify\"><span style=\"font-size: medium;\">3.<\/span><span style=\"font-size: medium;\"> Organizator Szko\u0142y nie pokrywa koszt\u00f3w podr\u00f3\u017cy i zakwaterowania uczestnik\u00f3w. Koszty pobytu i podr\u00f3\u017cy pokrywaj\u0105 uczestnicy IRSS 2023 we w\u0142asnym zakresie. <\/span><\/p>\n<p align=\"justify\"><span style=\"font-size: medium;\">4.<\/span><span style=\"font-size: medium;\"> W przypadku zaistnienia okoliczno\u015bci, o kt\u00f3rych mowa w \u00a7 6. ust. 1, Uczestnikowi przys\u0142uguje zwrot 45% wniesionej op\u0142aty, kt\u00f3r\u0105 Organizator przeka\u017ce na rachunek wskazany przed Uczestnika.<\/span><\/p>\n<p align=\"center\"><span style=\"font-size: medium;\"><b>Postanowienia ko\u0144cowe<\/b><\/span><\/p>\n<p align=\"justify\"><span style=\"font-size: medium;\"><b>\u00a7 6<\/b><\/span><span style=\"font-size: medium;\">. <\/span><span style=\"font-size: medium;\">1.<\/span><span style=\"font-size: medium;\"> Organizator zastrzega, \u017ce w przypadku zaistnienia okoliczno\u015bci od niego niezale\u017cnych, np. zwi\u0105zanych z pog\u0142\u0119bieniem si\u0119 zagro\u017cenia epidemicznego i zwi\u0105zanego z tym ograniczenia funkcjonowania instytucji, wszystkie zaj\u0119cia prowadzone mog\u0105 by\u0107 z wykorzystaniem metod i technik kszta\u0142cenia na odleg\u0142o\u015b\u0107. Wszelkie informacje o zmianach zostan\u0105 podane drog\u0105 mailow\u0105 na adres uczestnika IRSS 2023 na co uczestnik wyra\u017ca zgod\u0119, akceptuj\u0105c regulamin IRSS 2023. <\/span><\/p>\n<p><span style=\"font-size: medium;\">2.<\/span><span style=\"font-size: medium;\"> Regulamin wchodzi w \u017cycie z dniem 15 grudnia 2022 r.<\/span><\/p>\n<p><a name=\"_GoBack\"><\/a><\/p>\n","protected":false},"excerpt":{"rendered":"<p>REGULAMIN THE INTERNATIONAL RESEARCH SUMMER SCHOOL 2023 ON QUALITATIVE RESEARCH AND ACADEMIC INTEGRITY IN EDUCATION (IRSS 2023) 03 \u2013 07.07.2023 r., Warszawa Wprowadzenie Mi\u0119dzynarodowa letnia szko\u0142a naukowa The International Research Summer School 2023 on Qualitative Research and Academic Integrity in Education umo\u017cliwia doktorantom i m\u0142odym pracownikom naukowym poszerzenie ich wiedzy specjalistycznej dotycz\u0105cej bada\u0144 o\u00a0edukacji\/nad edukacj\u0105 [&hellip;]<\/p>\n","protected":false},"author":1,"featured_media":0,"parent":0,"menu_order":0,"comment_status":"closed","ping_status":"closed","template":"","meta":{"footnotes":""},"class_list":["post-273","page","type-page","status-publish","hentry"],"_links":{"self":[{"href":"https:\/\/www.pedagog.uw.edu.pl\/irss2023\/wp-json\/wp\/v2\/pages\/273","targetHints":{"allow":["GET"]}}],"collection":[{"href":"https:\/\/www.pedagog.uw.edu.pl\/irss2023\/wp-json\/wp\/v2\/pages"}],"about":[{"href":"https:\/\/www.pedagog.uw.edu.pl\/irss2023\/wp-json\/wp\/v2\/types\/page"}],"author":[{"embeddable":true,"href":"https:\/\/www.pedagog.uw.edu.pl\/irss2023\/wp-json\/wp\/v2\/users\/1"}],"replies":[{"embeddable":true,"href":"https:\/\/www.pedagog.uw.edu.pl\/irss2023\/wp-json\/wp\/v2\/comments?post=273"}],"version-history":[{"count":6,"href":"https:\/\/www.pedagog.uw.edu.pl\/irss2023\/wp-json\/wp\/v2\/pages\/273\/revisions"}],"predecessor-version":[{"id":743,"href":"https:\/\/www.pedagog.uw.edu.pl\/irss2023\/wp-json\/wp\/v2\/pages\/273\/revisions\/743"}],"wp:attachment":[{"href":"https:\/\/www.pedagog.uw.edu.pl\/irss2023\/wp-json\/wp\/v2\/media?parent=273"}],"curies":[{"name":"wp","href":"https:\/\/api.w.org\/{rel}","templated":true}]}}