{"id":289,"date":"2022-11-28T17:36:55","date_gmt":"2022-11-28T16:36:55","guid":{"rendered":"https:\/\/www.pedagog.uw.edu.pl\/idub\/?page_id=289"},"modified":"2023-06-16T09:13:02","modified_gmt":"2023-06-16T07:13:02","slug":"sign-up","status":"publish","type":"page","link":"https:\/\/www.pedagog.uw.edu.pl\/irss2023\/registration-form\/sign-up\/","title":{"rendered":"List of Participants"},"content":{"rendered":"<div class=\"gmail_default\" style=\"text-align: center;\">IRSS 2023 registration has been completed.<\/div>\n<div>\n<hr \/>\n<p align=\"center\"><span style=\"color: #17365d;\"><span style=\"font-size: medium;\"><span lang=\"en-US\"><b>The International Summer School 2023<\/b><\/span><\/span><\/span><\/p>\n<p align=\"center\"><span style=\"color: #17365d;\"><span style=\"font-size: medium;\"><span lang=\"en-US\"><b>on QUALITATIVE RESEARCH AND ACADEMIC INTEGRITY IN EDUCATION,<\/b><\/span><\/span><\/span><\/p>\n<p align=\"center\"><span style=\"color: #17365d;\"><span style=\"font-size: medium;\"><span lang=\"en-US\"><b>IRSS 2023<\/b><\/span><\/span><\/span><\/p>\n<p align=\"center\"><span lang=\"en-US\"><b>ACCEPTED CANDIDATES (alphabetical order &#8211; 38 candidates)<\/b><\/span><\/p>\n<table width=\"703\" cellspacing=\"0\" cellpadding=\"5\">\n<tbody>\n<tr valign=\"bottom\">\n<td width=\"17\" height=\"11\">\n<p align=\"right\">1<\/p>\n<\/td>\n<td width=\"129\">Anagnostopoulou<\/td>\n<td width=\"122\">Vasiliki<\/td>\n<td width=\"395\">Universidad de Salamanca, Spain<\/td>\n<\/tr>\n<tr valign=\"bottom\">\n<td width=\"17\" height=\"11\">\n<p align=\"right\">2<\/p>\n<\/td>\n<td width=\"129\">Belter<\/td>\n<td width=\"122\">Ziemowit<\/td>\n<td width=\"395\">Politechnika Gda\u0144ska, Poland<\/td>\n<\/tr>\n<tr valign=\"bottom\">\n<td width=\"17\" height=\"11\">\n<p align=\"right\">3<\/p>\n<\/td>\n<td width=\"129\">Bendeliani<\/td>\n<td width=\"122\">Natia<\/td>\n<td width=\"395\">Eotvos Lorand Universtiy, Hungary<\/td>\n<\/tr>\n<tr valign=\"bottom\">\n<td width=\"17\" height=\"11\">\n<p align=\"right\">4<\/p>\n<\/td>\n<td width=\"129\">Borhan<\/td>\n<td width=\"122\">Mohamad Termizi<\/td>\n<td width=\"395\"><span lang=\"en-US\">Sultan Idris Education University, Malaysia<\/span><\/td>\n<\/tr>\n<tr valign=\"bottom\">\n<td width=\"17\" height=\"11\">\n<p align=\"right\">5<\/p>\n<\/td>\n<td width=\"129\">Borska-M\u0105drzycka<\/td>\n<td width=\"122\">Zofia<\/td>\n<td width=\"395\">University of Warsaw, Poland<\/td>\n<\/tr>\n<tr valign=\"bottom\">\n<td width=\"17\" height=\"11\">\n<p align=\"right\">6<\/p>\n<\/td>\n<td width=\"129\">Bosatelli<\/td>\n<td width=\"122\">Sofia<\/td>\n<td width=\"395\"><span lang=\"en-US\">University of Milan Bicocca, Italy<\/span><\/td>\n<\/tr>\n<tr valign=\"bottom\">\n<td width=\"17\" height=\"11\">\n<p align=\"right\">7<\/p>\n<\/td>\n<td width=\"129\">Castillo-L\u00f3pez<\/td>\n<td width=\"122\">Mar\u00eda<\/td>\n<td width=\"395\">University of Murcia, Spain<\/td>\n<\/tr>\n<tr valign=\"bottom\">\n<td width=\"17\" height=\"11\">\n<p align=\"right\">8<\/p>\n<\/td>\n<td width=\"129\">Ciric<\/td>\n<td width=\"122\">Tara<\/td>\n<td width=\"395\">Maynooth University, Ireland<\/td>\n<\/tr>\n<tr valign=\"bottom\">\n<td width=\"17\" height=\"11\">\n<p align=\"right\">9<\/p>\n<\/td>\n<td width=\"129\">Ciszewska<\/td>\n<td width=\"122\">Katarzyna<\/td>\n<td width=\"395\">University of Lodz, Poland<\/td>\n<\/tr>\n<tr valign=\"bottom\">\n<td width=\"17\" height=\"11\">\n<p align=\"right\">10<\/p>\n<\/td>\n<td width=\"129\">Czepiec-Veltz\u00e9<\/td>\n<td width=\"122\">Karina<\/td>\n<td width=\"395\">Jagiellonian University, Poland<\/td>\n<\/tr>\n<tr valign=\"bottom\">\n<td width=\"17\" height=\"11\">\n<p align=\"right\">11<\/p>\n<\/td>\n<td width=\"129\">de Carlos Buj\u00e1n<\/td>\n<td width=\"122\">Andrea<\/td>\n<td width=\"395\"><span lang=\"en-US\">Universitat Abat Oliba CEU, Spain<\/span><\/td>\n<\/tr>\n<tr valign=\"bottom\">\n<td width=\"17\" height=\"11\">\n<p align=\"right\">12<\/p>\n<\/td>\n<td width=\"129\">Dorosz<\/td>\n<td width=\"122\">Julia<\/td>\n<td width=\"395\">University of Warsaw, Poland<\/td>\n<\/tr>\n<tr valign=\"bottom\">\n<td width=\"17\" height=\"11\">\n<p align=\"right\">13<\/p>\n<\/td>\n<td width=\"129\">Drabarek<\/td>\n<td width=\"122\">Katarzyna<\/td>\n<td width=\"395\">University of Warsaw, Poland<\/td>\n<\/tr>\n<tr valign=\"bottom\">\n<td width=\"17\" height=\"11\">\n<p align=\"right\">14<\/p>\n<\/td>\n<td width=\"129\">ERAN T\u00dcRED\u0130<\/td>\n<td width=\"122\">Nuray<\/td>\n<td width=\"395\"><span lang=\"en-US\">Yildiz Technical University,\u00a0Turkey<\/span><\/td>\n<\/tr>\n<tr valign=\"bottom\">\n<td width=\"17\" height=\"11\">\n<p align=\"right\">15<\/p>\n<\/td>\n<td width=\"129\">Erbil<\/td>\n<td width=\"122\">Fetiye<\/td>\n<td width=\"395\">Bogazici University, Turkey<\/td>\n<\/tr>\n<tr valign=\"bottom\">\n<td width=\"17\" height=\"11\">\n<p align=\"right\">16<\/p>\n<\/td>\n<td width=\"129\">Finch<\/td>\n<td width=\"122\">Karuna<\/td>\n<td width=\"395\">University of Warsaw, Poland<\/td>\n<\/tr>\n<tr valign=\"bottom\">\n<td width=\"17\" height=\"11\">\n<p align=\"right\">17<\/p>\n<\/td>\n<td width=\"129\">Ibrahim<\/td>\n<td width=\"122\">Mohd Mokhzani<\/td>\n<td width=\"395\"><span lang=\"en-US\">Universiti Pendidikan Sultan Idris, Malaysia<\/span><\/td>\n<\/tr>\n<tr valign=\"bottom\">\n<td width=\"17\" height=\"11\">\n<p align=\"right\">18<\/p>\n<\/td>\n<td width=\"129\">Jarota<\/td>\n<td width=\"122\">Martyna<\/td>\n<td width=\"395\">University of Lodz, Poland<\/td>\n<\/tr>\n<tr valign=\"bottom\">\n<td width=\"17\" height=\"11\">\n<p align=\"right\">19<\/p>\n<\/td>\n<td width=\"129\">Kaptan<\/td>\n<td width=\"122\">Orhun<\/td>\n<td width=\"395\">Y\u0131ld\u0131z Technical University, Turkey<\/td>\n<\/tr>\n<tr valign=\"bottom\">\n<td width=\"17\" height=\"11\">\n<p align=\"right\">20<\/p>\n<\/td>\n<td width=\"129\">Kiero\u0144ska<\/td>\n<td width=\"122\">Karolina<\/td>\n<td width=\"395\"><span lang=\"en-US\">J\u00f3zef Pi\u0142sudski Academy of Physical Education, <\/span><span lang=\"en-US\">Poland<\/span><\/td>\n<\/tr>\n<tr valign=\"bottom\">\n<td width=\"17\" height=\"11\">\n<p align=\"right\">21<\/p>\n<\/td>\n<td width=\"129\">Kuru<\/td>\n<td width=\"122\">Mehmet Emrah<\/td>\n<td width=\"395\"><span lang=\"en-US\">Canakkale Onsekiz Mart University, Turkey<\/span><\/td>\n<\/tr>\n<tr valign=\"bottom\">\n<td width=\"17\" height=\"11\">\n<p align=\"right\">22<\/p>\n<\/td>\n<td width=\"129\">Kusi<\/td>\n<td width=\"122\">Albert Mensah<\/td>\n<td width=\"395\">University of Warsaw, Poland<\/td>\n<\/tr>\n<tr valign=\"bottom\">\n<td width=\"17\" height=\"11\">\n<p align=\"right\">23<\/p>\n<\/td>\n<td width=\"129\">Mackoj\u0107<\/td>\n<td width=\"122\">Danuta<\/td>\n<td width=\"395\">Nicolaus Copernicus University, Poland<\/td>\n<\/tr>\n<tr valign=\"bottom\">\n<td width=\"17\" height=\"11\">\n<p align=\"right\">24<\/p>\n<\/td>\n<td width=\"129\">Mayasari<\/td>\n<td width=\"122\">Elisabeth Desiana<\/td>\n<td width=\"395\">University of \u0141\u00f3d\u017a, Poland<\/td>\n<\/tr>\n<tr valign=\"bottom\">\n<td width=\"17\" height=\"11\">\n<p align=\"right\">25<\/p>\n<\/td>\n<td width=\"129\">Nassar (Huleihel)<\/td>\n<td width=\"122\">Sohir<\/td>\n<td width=\"395\">The Pablo de Olavide University, Spain<\/td>\n<\/tr>\n<tr valign=\"bottom\">\n<td width=\"17\" height=\"11\">\n<p align=\"right\">26<\/p>\n<\/td>\n<td width=\"129\">Neumann-Karpi\u0144ska<\/td>\n<td width=\"122\">Alicja<\/td>\n<td width=\"395\">University of Szczecin, Poland<\/td>\n<\/tr>\n<tr valign=\"bottom\">\n<td width=\"17\" height=\"11\">\n<p align=\"right\">27<\/p>\n<\/td>\n<td width=\"129\">Pietrzak<\/td>\n<td width=\"122\">Sebastian<\/td>\n<td width=\"395\">Adam Mickiewicz University, Poland<\/td>\n<\/tr>\n<tr valign=\"bottom\">\n<td width=\"17\" height=\"11\">\n<p align=\"right\">28<\/p>\n<\/td>\n<td width=\"129\">Pinto<\/td>\n<td width=\"122\">Filipe<\/td>\n<td width=\"395\">University of Lisbon, Portugal<\/td>\n<\/tr>\n<tr valign=\"bottom\">\n<td width=\"17\" height=\"11\">\n<p align=\"right\">29<\/p>\n<\/td>\n<td width=\"129\">Sad\u0131\u00e7<\/td>\n<td width=\"122\">Tu\u011fba<\/td>\n<td width=\"395\">Yildiz Technical University, Turkey<\/td>\n<\/tr>\n<tr valign=\"bottom\">\n<td width=\"17\" height=\"11\">\n<p align=\"right\">30<\/p>\n<\/td>\n<td width=\"129\">Sadowska<\/td>\n<td width=\"122\">Iwona<\/td>\n<td width=\"395\"><span lang=\"en-US\">Georgetown University, United State of America<\/span><\/td>\n<\/tr>\n<tr valign=\"bottom\">\n<td width=\"17\" height=\"11\">\n<p align=\"right\">31<\/p>\n<\/td>\n<td width=\"129\">Santoo<\/td>\n<td width=\"122\">Laura<\/td>\n<td width=\"395\">University of Gdansk, Poland<\/td>\n<\/tr>\n<tr valign=\"bottom\">\n<td width=\"17\" height=\"11\">\n<p align=\"right\">32<\/p>\n<\/td>\n<td width=\"129\">Schaffer<\/td>\n<td width=\"122\">Verena<\/td>\n<td width=\"395\">University of Vienna, Austria<\/td>\n<\/tr>\n<tr valign=\"bottom\">\n<td width=\"17\" height=\"11\">\n<p align=\"right\">33<\/p>\n<\/td>\n<td width=\"129\">Sharma<\/td>\n<td width=\"122\">Prasun<\/td>\n<td width=\"395\"><span lang=\"en-US\">E\u00f6tv\u00f6s Lor\u00e1nd University, Budapest, Hungary<\/span><\/td>\n<\/tr>\n<tr valign=\"bottom\">\n<td width=\"17\" height=\"11\">\n<p align=\"right\">34<\/p>\n<\/td>\n<td width=\"129\">Skorupska<\/td>\n<td width=\"122\">Weronika<\/td>\n<td width=\"395\">University of Warsaw, Poland<\/td>\n<\/tr>\n<tr valign=\"bottom\">\n<td width=\"17\" height=\"11\">\n<p align=\"right\">35<\/p>\n<\/td>\n<td width=\"129\">Smith<\/td>\n<td width=\"122\">Donna<\/td>\n<td width=\"395\"><span lang=\"en-US\">University of Cambridge, United Kingdom<\/span><\/td>\n<\/tr>\n<tr valign=\"bottom\">\n<td width=\"17\" height=\"11\">\n<p align=\"right\">36<\/p>\n<\/td>\n<td width=\"129\">Stek-\u0141opatka<\/td>\n<td width=\"122\">Natalia<\/td>\n<td width=\"395\">Nicolaus Copernicus University, Poland<\/td>\n<\/tr>\n<tr valign=\"bottom\">\n<td width=\"17\" height=\"11\">\n<p align=\"right\">37<\/p>\n<\/td>\n<td width=\"129\">Tahir<\/td>\n<td width=\"122\">Sadaf<\/td>\n<td width=\"395\"><span lang=\"en-US\">Pedagogical University of Krakow, Poland<\/span><\/td>\n<\/tr>\n<tr valign=\"bottom\">\n<td width=\"17\" height=\"11\">\n<p align=\"right\">38<\/p>\n<\/td>\n<td width=\"129\">Zalewski<\/td>\n<td width=\"122\">Pawe\u0142<\/td>\n<td width=\"395\">University of Warsaw, Poland<\/td>\n<\/tr>\n<\/tbody>\n<\/table>\n<p>&nbsp;<\/p>\n<\/div>\n","protected":false},"excerpt":{"rendered":"<p>IRSS 2023 registration has been completed. The International Summer School 2023 on QUALITATIVE RESEARCH AND ACADEMIC INTEGRITY IN EDUCATION, IRSS 2023 ACCEPTED CANDIDATES (alphabetical order &#8211; 38 candidates) 1 Anagnostopoulou Vasiliki Universidad de Salamanca, Spain 2 Belter Ziemowit Politechnika Gda\u0144ska, Poland 3 Bendeliani Natia Eotvos Lorand Universtiy, Hungary 4 Borhan Mohamad Termizi Sultan Idris Education [&hellip;]<\/p>\n","protected":false},"author":1,"featured_media":0,"parent":275,"menu_order":0,"comment_status":"closed","ping_status":"closed","template":"","meta":{"footnotes":""},"class_list":["post-289","page","type-page","status-publish","hentry"],"_links":{"self":[{"href":"https:\/\/www.pedagog.uw.edu.pl\/irss2023\/wp-json\/wp\/v2\/pages\/289","targetHints":{"allow":["GET"]}}],"collection":[{"href":"https:\/\/www.pedagog.uw.edu.pl\/irss2023\/wp-json\/wp\/v2\/pages"}],"about":[{"href":"https:\/\/www.pedagog.uw.edu.pl\/irss2023\/wp-json\/wp\/v2\/types\/page"}],"author":[{"embeddable":true,"href":"https:\/\/www.pedagog.uw.edu.pl\/irss2023\/wp-json\/wp\/v2\/users\/1"}],"replies":[{"embeddable":true,"href":"https:\/\/www.pedagog.uw.edu.pl\/irss2023\/wp-json\/wp\/v2\/comments?post=289"}],"version-history":[{"count":18,"href":"https:\/\/www.pedagog.uw.edu.pl\/irss2023\/wp-json\/wp\/v2\/pages\/289\/revisions"}],"predecessor-version":[{"id":1026,"href":"https:\/\/www.pedagog.uw.edu.pl\/irss2023\/wp-json\/wp\/v2\/pages\/289\/revisions\/1026"}],"up":[{"embeddable":true,"href":"https:\/\/www.pedagog.uw.edu.pl\/irss2023\/wp-json\/wp\/v2\/pages\/275"}],"wp:attachment":[{"href":"https:\/\/www.pedagog.uw.edu.pl\/irss2023\/wp-json\/wp\/v2\/media?parent=289"}],"curies":[{"name":"wp","href":"https:\/\/api.w.org\/{rel}","templated":true}]}}