{"id":937,"date":"2023-01-19T10:51:22","date_gmt":"2023-01-19T09:51:22","guid":{"rendered":"https:\/\/www.pedagog.uw.edu.pl\/irss2023\/?page_id=937"},"modified":"2026-03-27T21:08:23","modified_gmt":"2026-03-27T20:08:23","slug":"credibility-committees","status":"publish","type":"page","link":"https:\/\/www.pedagog.uw.edu.pl\/irss2023\/the-international-summer-school-2023\/credibility-committees\/","title":{"rendered":"Credibility: Committees"},"content":{"rendered":"<link rel='stylesheet' id='elementor-frontend-css' href='https:\/\/www.pedagog.uw.edu.pl\/irss2023\/wp-content\/plugins\/elementor\/assets\/css\/frontend.min.css?ver=3.35.9' media='all' \/>\n<article id=\"post-937\" class=\"post-937 page type-page status-publish hentry\">\n<div class=\"content-wrap\">\n<div class=\"entry-content\">\n<div data-elementor-type=\"wp-page\" data-elementor-id=\"937\" class=\"elementor elementor-937\">\n<section class=\"elementor-section elementor-top-section elementor-element elementor-element-4d58f33 elementor-section-boxed elementor-section-height-default elementor-section-height-default\" data-id=\"4d58f33\" data-element_type=\"section\" data-e-type=\"section\">\n<div class=\"elementor-container elementor-column-gap-default\">\n<div class=\"elementor-column elementor-col-50 elementor-top-column elementor-element elementor-element-9298090\" data-id=\"9298090\" data-element_type=\"column\" data-e-type=\"column\">\n<div class=\"elementor-widget-wrap elementor-element-populated\">\n<div class=\"elementor-element elementor-element-40e5a33 elementor-widget elementor-widget-text-editor\" data-id=\"40e5a33\" data-element_type=\"widget\" data-e-type=\"widget\" data-widget_type=\"text-editor.default\">\n<div class=\"elementor-widget-container\">\n<h4 style=\"text-align: right;\"><strong><span style=\"color: #093c65;\">SCIENTIFIC COMMITTEE<\/span><\/strong><\/h4>\n<\/p><\/div>\n<\/p><\/div>\n<\/p><\/div>\n<\/p><\/div>\n<div class=\"elementor-column elementor-col-50 elementor-top-column elementor-element elementor-element-6b1a2f7\" data-id=\"6b1a2f7\" data-element_type=\"column\" data-e-type=\"column\">\n<div class=\"elementor-widget-wrap elementor-element-populated\">\n<div class=\"elementor-element elementor-element-6d206c8 programme-col elementor-widget elementor-widget-text-editor\" data-id=\"6d206c8\" data-element_type=\"widget\" data-e-type=\"widget\" data-widget_type=\"text-editor.default\">\n<div class=\"elementor-widget-container\">\n<p><strong><br \/>Sonja BJELOBABA<\/strong>, The European Network for Academic Integrity (ENAI)<br \/><strong>Bee Leng CHUA,<\/strong> World Education Research Association (WERA)<br \/><strong>Mustafa Yunus ERYAMAN<\/strong>, International Association of Educators (INASED)<br \/><strong>Joanna MADALI\u0143SKA-MICHALAK<\/strong>, University of Warsaw (Chair of the Scientific Committee)<br \/><strong>Ma\u0142gorzata PRZANOWSKA<\/strong>, University of Warsaw<\/p>\n<\/p><\/div>\n<\/p><\/div>\n<\/p><\/div>\n<\/p><\/div>\n<\/p><\/div>\n<\/section>\n<section class=\"elementor-section elementor-top-section elementor-element elementor-element-b484658 elementor-section-boxed elementor-section-height-default elementor-section-height-default\" data-id=\"b484658\" data-element_type=\"section\" data-e-type=\"section\">\n<div class=\"elementor-container elementor-column-gap-default\">\n<div class=\"elementor-column elementor-col-50 elementor-top-column elementor-element elementor-element-bd8db71\" data-id=\"bd8db71\" data-element_type=\"column\" data-e-type=\"column\">\n<div class=\"elementor-widget-wrap elementor-element-populated\">\n<div class=\"elementor-element elementor-element-702018f elementor-widget elementor-widget-text-editor\" data-id=\"702018f\" data-element_type=\"widget\" data-e-type=\"widget\" data-widget_type=\"text-editor.default\">\n<div class=\"elementor-widget-container\">\n<h4 style=\"text-align: right;\"><strong><span style=\"color: #093c65;\">PROGRAMME COMMITTEE<\/span><\/strong><\/h4>\n<div> <\/div>\n<\/p><\/div>\n<\/p><\/div>\n<\/p><\/div>\n<\/p><\/div>\n<div class=\"elementor-column elementor-col-50 elementor-top-column elementor-element elementor-element-85e952b\" data-id=\"85e952b\" data-element_type=\"column\" data-e-type=\"column\">\n<div class=\"elementor-widget-wrap elementor-element-populated\">\n<div class=\"elementor-element elementor-element-3434d1e programme-col elementor-widget elementor-widget-text-editor\" data-id=\"3434d1e\" data-element_type=\"widget\" data-e-type=\"widget\" data-widget_type=\"text-editor.default\">\n<div class=\"elementor-widget-container\">\n<p><strong><br \/>Joanna MADALI\u0143SKA-MICHALAK<\/strong>, University of Warsaw, Poland, Chair<br \/><strong>Mustafa Yunus ERYAMAN<\/strong>, International Association of Educators (INASED), Co-chair<\/p>\n<p><strong>Sonja BJELOBABA<\/strong>, Uppsala University, Sweden<br \/><strong>Sofia Marques da SILVA<\/strong>, University of Porto, Portugal<br \/><strong>James M. deLe\u00f3n SALVO<\/strong>, Wayne State University, USA<br \/><strong>Ewa D\u0118BSKA<\/strong>, University of Warsaw, Poland<br \/><strong>Conor GALVIN<\/strong>, University College Dublin, Ireland<br \/><strong>A. Lin GOODWIN<\/strong>, Boston College, USA<br \/><strong>Monika GROMADZKA<\/strong>, University of Warsaw, Poland<br \/><strong>Bradley PORFILIO<\/strong>, California State University, Stanislaus, USA<br \/><strong>Ma\u0142gorzata PRZANOWSKA<\/strong>, University of Warsaw, Poland<br \/><strong>Alistair ROSS<\/strong>, London Metropolitan University, United Kingdom<br \/><strong>Ruth WODAK<\/strong>, Lancaster University, United Kingdom<br \/><strong>Zuzanna WOJCIECHOWSKA<\/strong>, University of Warsaw, Poland<\/p>\n<\/p><\/div>\n<\/p><\/div>\n<\/p><\/div>\n<\/p><\/div>\n<\/p><\/div>\n<\/section>\n<section class=\"elementor-section elementor-top-section elementor-element elementor-element-294084d elementor-section-boxed elementor-section-height-default elementor-section-height-default\" data-id=\"294084d\" data-element_type=\"section\" data-e-type=\"section\">\n<div class=\"elementor-container elementor-column-gap-default\">\n<div class=\"elementor-column elementor-col-50 elementor-top-column elementor-element elementor-element-802519b\" data-id=\"802519b\" data-element_type=\"column\" data-e-type=\"column\">\n<div class=\"elementor-widget-wrap elementor-element-populated\">\n<div class=\"elementor-element elementor-element-ef56928 elementor-widget elementor-widget-text-editor\" data-id=\"ef56928\" data-element_type=\"widget\" data-e-type=\"widget\" data-widget_type=\"text-editor.default\">\n<div class=\"elementor-widget-container\">\n<h4 style=\"text-align: right;\"><span style=\"color: #093c65;\">ADVISORY COMMITTEE<\/span><\/h4>\n<div> <\/div>\n<\/p><\/div>\n<\/p><\/div>\n<\/p><\/div>\n<\/p><\/div>\n<div class=\"elementor-column elementor-col-50 elementor-top-column elementor-element elementor-element-16b910f\" data-id=\"16b910f\" data-element_type=\"column\" data-e-type=\"column\">\n<div class=\"elementor-widget-wrap elementor-element-populated\">\n<div class=\"elementor-element elementor-element-9ac3c8c programme-col elementor-widget elementor-widget-text-editor\" data-id=\"9ac3c8c\" data-element_type=\"widget\" data-e-type=\"widget\" data-widget_type=\"text-editor.default\">\n<div class=\"elementor-widget-container\">\n<p><strong><br \/>Levent CETINKAYA<\/strong>, International Association of Educators (INASED)<br \/><strong>Yahya Han ERBAS<\/strong>, International Association of Educators (INASED)<br \/><strong>Martina RIEDLER<\/strong>, International Association of Educators (INASED)<br \/><strong>Bee Leng CHUA<\/strong>, World Education Research Association (WERA)<br \/><strong>Gonazales JOVER<\/strong>, World Education Research Association (WERA)<br \/><strong>Laura CAMAS GARRIDO<\/strong>, World Education Research Association (WERA)<br \/><b><span lang=\"EN-US\">Sarah Elaine EATON<\/span><\/b><span lang=\"EN-US\">, The European Network for Academic Integrity (ENAI)<\/span><br \/><strong>Salim RAZI<\/strong>, The European Network for Academic Integrity (ENAI)<\/p>\n<\/p><\/div>\n<\/p><\/div>\n<\/p><\/div>\n<\/p><\/div>\n<\/p><\/div>\n<\/section><\/div>\n<\/p><\/div>\n<\/p><\/div>\n<\/article>\n","protected":false},"excerpt":{"rendered":"<p>SCIENTIFIC COMMITTEE Sonja BJELOBABA, The European Network for Academic Integrity (ENAI)Bee Leng CHUA, World Education Research Association (WERA)Mustafa Yunus ERYAMAN, International Association of Educators (INASED)Joanna MADALI\u0143SKA-MICHALAK, University of Warsaw (Chair of the Scientific Committee)Ma\u0142gorzata PRZANOWSKA, University of Warsaw PROGRAMME COMMITTEE Joanna MADALI\u0143SKA-MICHALAK, University of Warsaw, Poland, ChairMustafa Yunus ERYAMAN, International Association of Educators (INASED), Co-chair [&hellip;]<\/p>\n","protected":false},"author":1,"featured_media":0,"parent":68,"menu_order":0,"comment_status":"closed","ping_status":"closed","template":"","meta":{"footnotes":""},"class_list":["post-937","page","type-page","status-publish","hentry"],"_links":{"self":[{"href":"https:\/\/www.pedagog.uw.edu.pl\/irss2023\/wp-json\/wp\/v2\/pages\/937","targetHints":{"allow":["GET"]}}],"collection":[{"href":"https:\/\/www.pedagog.uw.edu.pl\/irss2023\/wp-json\/wp\/v2\/pages"}],"about":[{"href":"https:\/\/www.pedagog.uw.edu.pl\/irss2023\/wp-json\/wp\/v2\/types\/page"}],"author":[{"embeddable":true,"href":"https:\/\/www.pedagog.uw.edu.pl\/irss2023\/wp-json\/wp\/v2\/users\/1"}],"replies":[{"embeddable":true,"href":"https:\/\/www.pedagog.uw.edu.pl\/irss2023\/wp-json\/wp\/v2\/comments?post=937"}],"version-history":[{"count":10,"href":"https:\/\/www.pedagog.uw.edu.pl\/irss2023\/wp-json\/wp\/v2\/pages\/937\/revisions"}],"predecessor-version":[{"id":1139,"href":"https:\/\/www.pedagog.uw.edu.pl\/irss2023\/wp-json\/wp\/v2\/pages\/937\/revisions\/1139"}],"up":[{"embeddable":true,"href":"https:\/\/www.pedagog.uw.edu.pl\/irss2023\/wp-json\/wp\/v2\/pages\/68"}],"wp:attachment":[{"href":"https:\/\/www.pedagog.uw.edu.pl\/irss2023\/wp-json\/wp\/v2\/media?parent=937"}],"curies":[{"name":"wp","href":"https:\/\/api.w.org\/{rel}","templated":true}]}}