{"id":123,"date":"2021-05-12T20:13:25","date_gmt":"2021-05-12T18:13:25","guid":{"rendered":"https:\/\/www.pedagog.uw.edu.pl\/ostroleka\/?page_id=123"},"modified":"2026-03-27T16:59:10","modified_gmt":"2026-03-27T15:59:10","slug":"zespoly-projektowe","status":"publish","type":"page","link":"https:\/\/www.pedagog.uw.edu.pl\/ostroleka\/projekty\/zespoly-projektowe\/","title":{"rendered":"ZESPO\u0141Y PROJEKTOWE"},"content":{"rendered":"<p>Ka\u017cdy projekt to zesp\u00f3\u0142 badaczy reprezentuj\u0105cych Wydzia\u0142 Pedagogiczny Uniwersytetu Warszawskiego, kt\u00f3ry wsp\u00f3\u0142pracuje z przedstawicielami ostro\u0142\u0119ckich plac\u00f3wek o\u015bwiatowych. Im wi\u0119kszy projekt i szerzej zakrojone dzia\u0142ania, tym wi\u0119kszy sk\u0142ad osobowy takiego zespo\u0142u. Poznaj sk\u0142ad naszych zespo\u0142\u00f3w projektowych.<\/p>\n<h3>Co ju\u017c umiemy? Monitorowanie osi\u0105gni\u0119\u0107 szkolnych uczni\u00f3w przed egzaminem \u00f3smoklasisty<\/h3>\n<figure id=\"attachment_380\" aria-describedby=\"caption-attachment-380\" style=\"width: 150px\" class=\"wp-caption alignleft\"><img loading=\"lazy\" decoding=\"async\" class=\"wp-image-380 size-thumbnail\" src=\"http:\/\/www.pedagog.uw.edu.pl\/ostroleka\/wp-content\/uploads\/sites\/19\/2021\/05\/mjakubowska-150x150.jpg\" alt=\"\" width=\"150\" height=\"150\" srcset=\"https:\/\/www.pedagog.uw.edu.pl\/ostroleka\/wp-content\/uploads\/sites\/19\/2021\/05\/mjakubowska-150x150.jpg 150w, https:\/\/www.pedagog.uw.edu.pl\/ostroleka\/wp-content\/uploads\/sites\/19\/2021\/05\/mjakubowska-300x300.jpg 300w\" sizes=\"auto, (max-width: 150px) 100vw, 150px\" \/><figcaption id=\"caption-attachment-380\" class=\"wp-caption-text\"><a href=\"https:\/\/www.pedagog.uw.edu.pl\/wizytowki\/single-record-page\/?pdb=1249\">dr Monika Jakubowska<\/a> Kierownik projektu<\/figcaption><\/figure>\n<figure><\/figure>\n<p><strong>Cz\u0142onkowie zespo\u0142u:<br \/>\n<\/strong><a href=\"https:\/\/www.pedagog.uw.edu.pl\/wizytowki\/single-record-page\/?pdb=1264\">dr hab. Barbara Murawska<\/a><br \/>\ndr Ewa Sto\u017cek<br \/>\nZofia Lisiecka<br \/>\n<a href=\"https:\/\/www.pedagog.uw.edu.pl\/wizytowki\/single-record-page\/?pdb=1341\">dr Joanna Dobkowska<\/a><\/p>\n<p>&nbsp;<\/p>\n<p><a href=\"http:\/\/www.pedagog.uw.edu.pl\/ostroleka\/wp-content\/uploads\/sites\/19\/2021\/05\/estozek.png\"><img loading=\"lazy\" decoding=\"async\" class=\"alignright size-thumbnail wp-image-608\" src=\"http:\/\/www.pedagog.uw.edu.pl\/ostroleka\/wp-content\/uploads\/sites\/19\/2021\/05\/estozek-120x150.png\" alt=\"\" width=\"120\" height=\"150\" \/><\/a>Zesp\u00f3\u0142 wspiera ekspertka dr Ewa Sto\u017cek &#8211; matematyk, do 2001 roku pracownik Wydzia\u0142u Matematyki Uniwersytetu \u0141\u00f3dzkiego. Z polsk\u0105 szko\u0142\u0105 zwi\u0105zana od 1995 roku \u2013 jako nauczycielka, nast\u0119pnie dyrektorka szko\u0142y oraz edukatorka. Od 2007 pracuje w Komisji Egzaminacyjnej w \u0141odzi. Wsp\u00f3\u0142tw\u00f3rczyni polskiej aplikacji metody edukacyjnej warto\u015bci dodanej. Ekspertka w zakresie wykorzystania wynik\u00f3w egzaminacyjnych do zarz\u0105dzania szko\u0142\u0105.<\/p>\n<h3>Demokracja jest OK! Rozw\u00f3j demokracji szkolnej w ostro\u0142\u0119ckich szko\u0142ach \u015brednich<\/h3>\n<figure id=\"attachment_566\" aria-describedby=\"caption-attachment-566\" style=\"width: 150px\" class=\"wp-caption alignleft\"><a href=\"http:\/\/www.pedagog.uw.edu.pl\/ostroleka\/wp-content\/uploads\/sites\/19\/2021\/05\/azielinska_resize.jpg\"><img loading=\"lazy\" decoding=\"async\" class=\"wp-image-566 size-thumbnail\" src=\"http:\/\/www.pedagog.uw.edu.pl\/ostroleka\/wp-content\/uploads\/sites\/19\/2021\/05\/azielinska_resize-150x150.jpg\" alt=\"dr hab. Anna Zieli\u0144ska, prof. UWKierownik projektu\" width=\"150\" height=\"150\" \/><\/a><figcaption id=\"caption-attachment-566\" class=\"wp-caption-text\"><a href=\"https:\/\/www.pedagog.uw.edu.pl\/wizytowki\/dyzury-pracownikow\/wizytowki\/single-record-page\/?pdb=1213\">dr hab. Anna Zieli\u0144ska<\/a>, prof. UW Kierownik projektu<\/figcaption><\/figure>\n<p><strong>Cz\u0142onkowie zespo\u0142u:<br \/>\n<\/strong><a href=\"https:\/\/www.pedagog.uw.edu.pl\/wizytowki\/single-record-page\/?pdb=1264\">dr hab. Barbara Murawska<\/a> &#8211; szkolny koordynator<br \/>\n<a href=\"https:\/\/www.pedagog.uw.edu.pl\/wizytowki\/single-record-page\/?pdb=1266\">dr Marta Pietrusi\u0144ska<\/a> &#8211; szkolny koordynator<br \/>\n<a href=\"https:\/\/www.pedagog.uw.edu.pl\/wizytowki\/single-record-page\/?pdb=1238\">dr Paulina Marchlik<\/a> &#8211; szkolny koordynator<br \/>\n<a href=\"https:\/\/www.pedagog.uw.edu.pl\/wizytowki\/single-record-page\/?pdb=1259\">dr Monika Gromadzka<\/a> &#8211; szkolny koordynator<br \/>\nmgr Kamila Kami\u0144ska &#8211; szkolny koordynator<br \/>\n<a href=\"https:\/\/www.pedagog.uw.edu.pl\/wizytowki\/single-record-page\/?pdb=1332\">mgr Barbara Lipi\u0144ska-Za\u0144ko<\/a> &#8211; szkolny koordynator<br \/>\n<a href=\"https:\/\/www.pedagog.uw.edu.pl\/wizytowki\/single-record-page\/?pdb=1201\">prof. dr hab. Anna Wi\u0142komirska<\/a> &#8211; badania ilo\u015bciowe<br \/>\n<a href=\"https:\/\/www.pedagog.uw.edu.pl\/wizytowki\/single-record-page\/?pdb=1346\">dr Marek Smulczyk<\/a> &#8211; badania ilo\u015bciowe<br \/>\n<a href=\"https:\/\/www.pedagog.uw.edu.pl\/wizytowki\/single-record-page\/?pdb=1341\">dr Joanna Dobkowska<\/a> &#8211; analiza j\u0119zyka m\u0142odzie\u017cy<\/p>\n<h3><\/h3>\n<h3>Ostro\u0142\u0119ckie obserwatorium o\u015bwiatowe<\/h3>\n<figure id=\"attachment_565\" aria-describedby=\"caption-attachment-565\" style=\"width: 150px\" class=\"wp-caption alignleft\"><a href=\"http:\/\/www.pedagog.uw.edu.pl\/ostroleka\/wp-content\/uploads\/sites\/19\/2021\/05\/ajasinska_resize.jpg\"><img loading=\"lazy\" decoding=\"async\" class=\"wp-image-565 size-thumbnail\" src=\"http:\/\/www.pedagog.uw.edu.pl\/ostroleka\/wp-content\/uploads\/sites\/19\/2021\/05\/ajasinska_resize-150x150.jpg\" alt=\"dr Aleksandra Jasi\u0144ska-Maci\u0105\u017cekKierownik projektu\" width=\"150\" height=\"150\" \/><\/a><figcaption id=\"caption-attachment-565\" class=\"wp-caption-text\"><a href=\"https:\/\/www.pedagog.uw.edu.pl\/wizytowki\/dyzury-pracownikow\/wizytowki\/single-record-page\/?pdb=1252\">dr Aleksandra Jasi\u0144ska-Maci\u0105\u017cek<\/a> Kierownik projektu<\/figcaption><\/figure>\n<p><strong>Cz\u0142onkowie zespo\u0142u:<br \/>\n<\/strong><a href=\"https:\/\/www.pedagog.uw.edu.pl\/wizytowki\/single-record-page\/?pdb=1211\">dr hab. Roman Dolata, prof. UW<\/a><br \/>\n<a href=\"https:\/\/www.pedagog.uw.edu.pl\/wizytowki\/single-record-page\/?pdb=1375\">mgr Magdalena Pokropek<\/a><br \/>\nmgr Joanna Stelmach<br \/>\n<a href=\"https:\/\/www.pedagog.uw.edu.pl\/wizytowki\/single-record-page\/?pdb=1346\">dr Marek Smulczyk<\/a><br \/>\n<a href=\"https:\/\/www.pedagog.uw.edu.pl\/wizytowki\/single-record-page\/?pdb=1238\">dr Paulina Marchlik<\/a><br \/>\n<a href=\"https:\/\/www.pedagog.uw.edu.pl\/wizytowki\/single-record-page\/?pdb=1325\">dr Kamila Wichrowska<\/a><br \/>\n<a href=\"https:\/\/www.pedagog.uw.edu.pl\/wizytowki\/single-record-page\/?pdb=1372\">mgr Maja Gajda<\/a><\/p>\n<h3><\/h3>\n<h3>O.programuje() \u2013 Elementy programowania w edukacji pocz\u0105tkowej<\/h3>\n<figure id=\"attachment_569\" aria-describedby=\"caption-attachment-569\" style=\"width: 150px\" class=\"wp-caption alignleft\"><a href=\"http:\/\/www.pedagog.uw.edu.pl\/ostroleka\/wp-content\/uploads\/sites\/19\/2021\/05\/jpj_selfie_resize.jpg\"><img loading=\"lazy\" decoding=\"async\" class=\"wp-image-569 size-thumbnail\" src=\"http:\/\/www.pedagog.uw.edu.pl\/ostroleka\/wp-content\/uploads\/sites\/19\/2021\/05\/jpj_selfie_resize-150x150.jpg\" alt=\"mgr Justyna Pa\u0142czy\u0144ska-JaniakKierownik projektu\" width=\"150\" height=\"150\" \/><\/a><figcaption id=\"caption-attachment-569\" class=\"wp-caption-text\">mgr Justyna Pa\u0142czy\u0144ska-Janiak Kierownik projektu<\/figcaption><\/figure>\n<p><strong>Cz\u0142onkowie zespo\u0142u:<br \/>\n<\/strong><a href=\"https:\/\/www.pedagog.uw.edu.pl\/wizytowki\/single-record-page\/?pdb=1332\">mgr Barbara Lipi\u0144ska-Za\u0144ko<\/a><\/p>\n","protected":false},"excerpt":{"rendered":"<p>Ka\u017cdy projekt to zesp\u00f3\u0142 badaczy reprezentuj\u0105cych Wydzia\u0142 Pedagogiczny Uniwersytetu Warszawskiego, kt\u00f3ry wsp\u00f3\u0142pracuje z przedstawicielami ostro\u0142\u0119ckich plac\u00f3wek o\u015bwiatowych. Im wi\u0119kszy projekt i szerzej zakrojone dzia\u0142ania, tym wi\u0119kszy sk\u0142ad osobowy takiego zespo\u0142u. Poznaj sk\u0142ad naszych zespo\u0142\u00f3w projektowych. Co ju\u017c umiemy? Monitorowanie osi\u0105gni\u0119\u0107 szkolnych uczni\u00f3w przed egzaminem \u00f3smoklasisty Cz\u0142onkowie zespo\u0142u: dr hab. Barbara Murawska dr Ewa Sto\u017cek Zofia Lisiecka dr Joanna Dobkowska &nbsp; [&hellip;]<\/p>\n","protected":false},"author":143,"featured_media":0,"parent":534,"menu_order":0,"comment_status":"closed","ping_status":"closed","template":"","meta":{"footnotes":""},"class_list":["post-123","page","type-page","status-publish","hentry"],"_links":{"self":[{"href":"https:\/\/www.pedagog.uw.edu.pl\/ostroleka\/wp-json\/wp\/v2\/pages\/123","targetHints":{"allow":["GET"]}}],"collection":[{"href":"https:\/\/www.pedagog.uw.edu.pl\/ostroleka\/wp-json\/wp\/v2\/pages"}],"about":[{"href":"https:\/\/www.pedagog.uw.edu.pl\/ostroleka\/wp-json\/wp\/v2\/types\/page"}],"author":[{"embeddable":true,"href":"https:\/\/www.pedagog.uw.edu.pl\/ostroleka\/wp-json\/wp\/v2\/users\/143"}],"replies":[{"embeddable":true,"href":"https:\/\/www.pedagog.uw.edu.pl\/ostroleka\/wp-json\/wp\/v2\/comments?post=123"}],"version-history":[{"count":223,"href":"https:\/\/www.pedagog.uw.edu.pl\/ostroleka\/wp-json\/wp\/v2\/pages\/123\/revisions"}],"predecessor-version":[{"id":1923,"href":"https:\/\/www.pedagog.uw.edu.pl\/ostroleka\/wp-json\/wp\/v2\/pages\/123\/revisions\/1923"}],"up":[{"embeddable":true,"href":"https:\/\/www.pedagog.uw.edu.pl\/ostroleka\/wp-json\/wp\/v2\/pages\/534"}],"wp:attachment":[{"href":"https:\/\/www.pedagog.uw.edu.pl\/ostroleka\/wp-json\/wp\/v2\/media?parent=123"}],"curies":[{"name":"wp","href":"https:\/\/api.w.org\/{rel}","templated":true}]}}