{"id":2,"date":"2021-05-10T14:03:49","date_gmt":"2021-05-10T12:03:49","guid":{"rendered":"https:\/\/www.pedagog.uw.edu.pl\/ostroleka\/?page_id=2"},"modified":"2026-03-27T17:23:46","modified_gmt":"2026-03-27T16:23:46","slug":"przykladowa-strona","status":"publish","type":"page","link":"https:\/\/www.pedagog.uw.edu.pl\/ostroleka\/","title":{"rendered":""},"content":{"rendered":"<p><img loading=\"lazy\" decoding=\"async\" class=\"alignleft size-thumbnail wp-image-81\" src=\"http:\/\/www.pedagog.uw.edu.pl\/ostroleka\/wp-content\/uploads\/sites\/19\/2021\/05\/logo-wp-w-okregu-white-150x150.jpg\" alt=\"\" width=\"150\" height=\"150\" srcset=\"https:\/\/www.pedagog.uw.edu.pl\/ostroleka\/wp-content\/uploads\/sites\/19\/2021\/05\/logo-wp-w-okregu-white-150x150.jpg 150w, https:\/\/www.pedagog.uw.edu.pl\/ostroleka\/wp-content\/uploads\/sites\/19\/2021\/05\/logo-wp-w-okregu-white-300x300.jpg 300w, https:\/\/www.pedagog.uw.edu.pl\/ostroleka\/wp-content\/uploads\/sites\/19\/2021\/05\/logo-wp-w-okregu-white-1024x1024.jpg 1024w, https:\/\/www.pedagog.uw.edu.pl\/ostroleka\/wp-content\/uploads\/sites\/19\/2021\/05\/logo-wp-w-okregu-white-768x768.jpg 768w, https:\/\/www.pedagog.uw.edu.pl\/ostroleka\/wp-content\/uploads\/sites\/19\/2021\/05\/logo-wp-w-okregu-white.jpg 1181w\" sizes=\"auto, (max-width: 150px) 100vw, 150px\" \/><br \/>\n<img loading=\"lazy\" decoding=\"async\" class=\"alignleft wp-image-77 size-large\" src=\"http:\/\/www.pedagog.uw.edu.pl\/ostroleka\/wp-content\/uploads\/sites\/19\/2021\/05\/logo-ostroleka-1-1024x129.jpg\" alt=\"\" width=\"640\" height=\"81\" srcset=\"https:\/\/www.pedagog.uw.edu.pl\/ostroleka\/wp-content\/uploads\/sites\/19\/2021\/05\/logo-ostroleka-1-1024x129.jpg 1024w, https:\/\/www.pedagog.uw.edu.pl\/ostroleka\/wp-content\/uploads\/sites\/19\/2021\/05\/logo-ostroleka-1-300x38.jpg 300w, https:\/\/www.pedagog.uw.edu.pl\/ostroleka\/wp-content\/uploads\/sites\/19\/2021\/05\/logo-ostroleka-1-768x97.jpg 768w, https:\/\/www.pedagog.uw.edu.pl\/ostroleka\/wp-content\/uploads\/sites\/19\/2021\/05\/logo-ostroleka-1-1536x194.jpg 1536w, https:\/\/www.pedagog.uw.edu.pl\/ostroleka\/wp-content\/uploads\/sites\/19\/2021\/05\/logo-ostroleka-1.jpg 1832w\" sizes=\"auto, (max-width: 640px) 100vw, 640px\" \/><\/p>\n<h6><\/h6>\n<p>Wsp\u00f3\u0142praca w\u0142adz Ostro\u0142\u0119ki z Wydzia\u0142em Pedagogicznym Uniwersytetu Warszawskiego zosta\u0142a zainicjowana przez Prezydenta Miasta \u0141ukasza Kulika w 2019 roku. Podpisano umow\u0119 o wsp\u00f3\u0142pracy na lata 2019-2023. W ramach wsp\u00f3\u0142dzia\u0142ania realizowane s\u0105 cztery projekty.<\/p>\n<p style=\"text-align: center;\"><a href=\"https:\/\/www.pedagog.uw.edu.pl\/ostroleka\/o-wspolpracy\/\" class=\"su-button su-button-style-default\" style=\"color:#FFFFFF;background-color:#2D89EF;border-color:#246ec0;border-radius:5px\" target=\"_self\"><span style=\"color:#FFFFFF;padding:0px 16px;font-size:13px;line-height:26px;border-color:#6cadf4;border-radius:5px;text-shadow:none\"> Dowiedz si\u0119 wi\u0119cej<\/span><\/a>\n<p><a role=\"button\" href=\"https:\/\/www.pedagog.uw.edu.pl\/ostroleka\/o-wspolpracy\/\">\u00a0<\/a><\/p>\n<p><img loading=\"lazy\" decoding=\"async\" class=\"aligncenter size-full wp-image-1929\" src=\"http:\/\/www.pedagog.uw.edu.pl\/ostroleka\/wp-content\/uploads\/sites\/19\/2026\/03\/zrzut-ekranu-z-2026-03-27-17-20-51.png\" alt=\"\" width=\"969\" height=\"325\" srcset=\"https:\/\/www.pedagog.uw.edu.pl\/ostroleka\/wp-content\/uploads\/sites\/19\/2026\/03\/zrzut-ekranu-z-2026-03-27-17-20-51.png 969w, https:\/\/www.pedagog.uw.edu.pl\/ostroleka\/wp-content\/uploads\/sites\/19\/2026\/03\/zrzut-ekranu-z-2026-03-27-17-20-51-300x101.png 300w, https:\/\/www.pedagog.uw.edu.pl\/ostroleka\/wp-content\/uploads\/sites\/19\/2026\/03\/zrzut-ekranu-z-2026-03-27-17-20-51-768x258.png 768w\" sizes=\"auto, (max-width: 969px) 100vw, 969px\" \/><\/p>\n<p>&nbsp;<\/p>\n","protected":false},"excerpt":{"rendered":"<p>Wsp\u00f3\u0142praca w\u0142adz Ostro\u0142\u0119ki z Wydzia\u0142em Pedagogicznym Uniwersytetu Warszawskiego zosta\u0142a zainicjowana przez Prezydenta Miasta \u0141ukasza Kulika w 2019 roku. Podpisano umow\u0119 o wsp\u00f3\u0142pracy na lata 2019-2023. W ramach wsp\u00f3\u0142dzia\u0142ania realizowane s\u0105 cztery projekty. \u00a0 &nbsp;<\/p>\n","protected":false},"author":1,"featured_media":0,"parent":0,"menu_order":0,"comment_status":"closed","ping_status":"open","template":"","meta":{"footnotes":""},"class_list":["post-2","page","type-page","status-publish","hentry"],"_links":{"self":[{"href":"https:\/\/www.pedagog.uw.edu.pl\/ostroleka\/wp-json\/wp\/v2\/pages\/2","targetHints":{"allow":["GET"]}}],"collection":[{"href":"https:\/\/www.pedagog.uw.edu.pl\/ostroleka\/wp-json\/wp\/v2\/pages"}],"about":[{"href":"https:\/\/www.pedagog.uw.edu.pl\/ostroleka\/wp-json\/wp\/v2\/types\/page"}],"author":[{"embeddable":true,"href":"https:\/\/www.pedagog.uw.edu.pl\/ostroleka\/wp-json\/wp\/v2\/users\/1"}],"replies":[{"embeddable":true,"href":"https:\/\/www.pedagog.uw.edu.pl\/ostroleka\/wp-json\/wp\/v2\/comments?post=2"}],"version-history":[{"count":56,"href":"https:\/\/www.pedagog.uw.edu.pl\/ostroleka\/wp-json\/wp\/v2\/pages\/2\/revisions"}],"predecessor-version":[{"id":1930,"href":"https:\/\/www.pedagog.uw.edu.pl\/ostroleka\/wp-json\/wp\/v2\/pages\/2\/revisions\/1930"}],"wp:attachment":[{"href":"https:\/\/www.pedagog.uw.edu.pl\/ostroleka\/wp-json\/wp\/v2\/media?parent=2"}],"curies":[{"name":"wp","href":"https:\/\/api.w.org\/{rel}","templated":true}]}}