{"id":20,"date":"2021-05-12T13:21:15","date_gmt":"2021-05-12T11:21:15","guid":{"rendered":"https:\/\/www.pedagog.uw.edu.pl\/ostroleka\/?page_id=20"},"modified":"2026-03-27T10:27:33","modified_gmt":"2026-03-27T09:27:33","slug":"o-wspolpracy","status":"publish","type":"page","link":"https:\/\/www.pedagog.uw.edu.pl\/ostroleka\/o-wspolpracy\/","title":{"rendered":"O wsp\u00f3\u0142pracy"},"content":{"rendered":"<p>Wsp\u00f3\u0142praca w\u0142adz Ostro\u0142\u0119ki z Wydzia\u0142em Pedagogicznym Uniwersytetu Warszawskiego zosta\u0142a zainicjowana przez Prezydenta Miasta \u0141ukasza Kulika w 2019 roku. <a href=\"https:\/\/www.pedagog.uw.edu.pl\/2019\/04\/26\/wspolny-projekt-naszego-wydzialu-z-miastem-ostroleka\/\">Podpisano umow\u0119 o wsp\u00f3\u0142pracy<\/a> na lata 2019-2023. W ramach wsp\u00f3\u0142dzia\u0142ania realizowane s\u0105 cztery projekty:<\/p>\n<ul>\n<li><i>Ostro\u0142\u0119ckie obserwatorium o\u015bwiatowe,<\/i><\/li>\n<li><i>Co ju\u017c umiemy?<\/i> Monitorowanie umiej\u0119tno\u015bci uczni\u00f3w na rok przed egzaminem \u00f3smoklasisty,<\/li>\n<li><i>O.programuje()<\/i> Elementy programowania w edukacji pocz\u0105tkowej,<\/li>\n<li><i>Demokracja jest OK!<\/i> Rozw\u00f3j demokracji szkolnej w ostro\u0142\u0119ckich szko\u0142ach \u015brednich.<\/li>\n<\/ul>\n<p>Wsp\u00f3\u0142prac\u0105 z ramienia w\u0142adz Ostro\u0142\u0119ki zajmuj\u0105 si\u0119 Wiceprezydentka Miasta Anna Goc\u0142owska i Dyrektorka ds. O\u015bwiaty Bogumi\u0142a Jarka, z ramienia UW nad ca\u0142o\u015bci\u0105 dzia\u0142a\u0144 projektowych opiek\u0119 naukow\u0105 sprawuje dr hab. Roman Dolata, prof. UW.<\/p>\n<figure>\n<figure style=\"width: 163px\" class=\"wp-caption alignleft\"><img loading=\"lazy\" decoding=\"async\" src=\"http:\/\/www.pedagog.uw.edu.pl\/ostroleka\/wp-content\/uploads\/sites\/19\/2021\/05\/prezydent_miasta_lukasz_kulik_2.png\" alt=\"&lt;b&gt;\u0141ukasz Kulik&lt;\/b&gt;Prezydent Ostro\u0142\u0119ki\" width=\"163\" height=\"200\" \/><figcaption class=\"wp-caption-text\"><b>\u0141ukasz Kulik<\/b><br \/>Prezydent Ostro\u0142\u0119ki<\/figcaption><\/figure><\/figure>\n<figure>\n<figure style=\"width: 208px\" class=\"wp-caption alignleft\"><img loading=\"lazy\" decoding=\"async\" src=\"http:\/\/www.pedagog.uw.edu.pl\/ostroleka\/wp-content\/uploads\/sites\/19\/2021\/05\/agoclowska_o.png\" alt=\"&lt;b&gt;Anna Goc\u0142owska&lt;\/b&gt;br \/&gt;Wiceprezydentka Ostro\u0142\u0119ki\" width=\"208\" height=\"138\" \/><figcaption class=\"wp-caption-text\"><b>Anna Goc\u0142owska<\/b><br \/>Wiceprezydentka Ostro\u0142\u0119ki<\/figcaption><\/figure><\/figure>\n<figure>\n<figure style=\"width: 210px\" class=\"wp-caption alignleft\"><img loading=\"lazy\" decoding=\"async\" src=\"http:\/\/www.pedagog.uw.edu.pl\/ostroleka\/wp-content\/uploads\/sites\/19\/2021\/05\/bjarka_o.png\" alt=\"Bogumi\u0142a JarkaDyrektorka Wydzia\u0142u O\u015bwiaty\" width=\"210\" height=\"139\" \/><figcaption class=\"wp-caption-text\"><b>Bogumi\u0142a Jarka<\/b><br \/>Dyrektorka Wydzia\u0142u O\u015bwiaty<\/figcaption><\/figure><\/figure>\n<figure>\n<figure style=\"width: 163px\" class=\"wp-caption alignleft\"><img loading=\"lazy\" decoding=\"async\" src=\"http:\/\/www.pedagog.uw.edu.pl\/ostroleka\/wp-content\/uploads\/sites\/19\/2021\/05\/rsz_rdolata.png\" alt=\"Roman DolataOpiekun naukowy z ramienia Wydzia\u0142u Pedagogicznego\" width=\"163\" height=\"200\" \/><figcaption class=\"wp-caption-text\"><b>Roman Dolata<\/b><br \/>Opiekun naukowy z ramienia Wydzia\u0142u Pedagogicznego<\/figcaption><\/figure><\/figure>\n<h4><\/h4>\n","protected":false},"excerpt":{"rendered":"<p>Wsp\u00f3\u0142praca w\u0142adz Ostro\u0142\u0119ki z Wydzia\u0142em Pedagogicznym Uniwersytetu Warszawskiego zosta\u0142a zainicjowana przez Prezydenta Miasta \u0141ukasza Kulika w 2019 roku. Podpisano umow\u0119 o wsp\u00f3\u0142pracy na lata 2019-2023. W ramach wsp\u00f3\u0142dzia\u0142ania realizowane s\u0105 cztery projekty: Ostro\u0142\u0119ckie obserwatorium o\u015bwiatowe, Co ju\u017c umiemy? Monitorowanie umiej\u0119tno\u015bci uczni\u00f3w na rok przed egzaminem \u00f3smoklasisty, O.programuje() Elementy programowania w edukacji pocz\u0105tkowej, Demokracja jest OK! Rozw\u00f3j demokracji szkolnej w ostro\u0142\u0119ckich [&hellip;]<\/p>\n","protected":false},"author":143,"featured_media":0,"parent":0,"menu_order":0,"comment_status":"closed","ping_status":"closed","template":"","meta":{"footnotes":""},"class_list":["post-20","page","type-page","status-publish","hentry"],"_links":{"self":[{"href":"https:\/\/www.pedagog.uw.edu.pl\/ostroleka\/wp-json\/wp\/v2\/pages\/20","targetHints":{"allow":["GET"]}}],"collection":[{"href":"https:\/\/www.pedagog.uw.edu.pl\/ostroleka\/wp-json\/wp\/v2\/pages"}],"about":[{"href":"https:\/\/www.pedagog.uw.edu.pl\/ostroleka\/wp-json\/wp\/v2\/types\/page"}],"author":[{"embeddable":true,"href":"https:\/\/www.pedagog.uw.edu.pl\/ostroleka\/wp-json\/wp\/v2\/users\/143"}],"replies":[{"embeddable":true,"href":"https:\/\/www.pedagog.uw.edu.pl\/ostroleka\/wp-json\/wp\/v2\/comments?post=20"}],"version-history":[{"count":41,"href":"https:\/\/www.pedagog.uw.edu.pl\/ostroleka\/wp-json\/wp\/v2\/pages\/20\/revisions"}],"predecessor-version":[{"id":1908,"href":"https:\/\/www.pedagog.uw.edu.pl\/ostroleka\/wp-json\/wp\/v2\/pages\/20\/revisions\/1908"}],"wp:attachment":[{"href":"https:\/\/www.pedagog.uw.edu.pl\/ostroleka\/wp-json\/wp\/v2\/media?parent=20"}],"curies":[{"name":"wp","href":"https:\/\/api.w.org\/{rel}","templated":true}]}}