{"id":534,"date":"2021-05-15T13:53:12","date_gmt":"2021-05-15T11:53:12","guid":{"rendered":"https:\/\/www.pedagog.uw.edu.pl\/ostroleka\/?page_id=534"},"modified":"2021-05-19T12:59:56","modified_gmt":"2021-05-19T10:59:56","slug":"projekty","status":"publish","type":"page","link":"https:\/\/www.pedagog.uw.edu.pl\/ostroleka\/projekty\/","title":{"rendered":"Projekty"},"content":{"rendered":"<p>Obecnie prowadzone s\u0105 cztery projekty edukacyjne w ramach wsp\u00f3\u0142pracy Wydzia\u0142u Pedagogicznego UW z W\u0142adzami Miasta Ostro\u0142\u0119ki. Przejd\u017a do danego projektu, by dowiedzie\u0107 si\u0119 wi\u0119cej o trwaj\u0105cych dzia\u0142aniach.<\/p>\n<h3><a href=\"https:\/\/www.pedagog.uw.edu.pl\/ostroleka\/co-juz-umiemy\/\">Co ju\u017c umiemy?<\/a><\/h3>\n<p>Monitorowanie osi\u0105gni\u0119\u0107 szkolnych uczni\u00f3w przed egzaminem \u00f3smoklasisty<\/p>\n<h3><a href=\"https:\/\/www.pedagog.uw.edu.pl\/ostroleka\/demokracja-jest-ok\/\">Demokracja jest OK!<\/a><\/h3>\n<p>Rozw\u00f3j demokracji szkolnej w ostro\u0142\u0119ckich szko\u0142ach \u015brednich<\/p>\n<h3><a href=\"https:\/\/www.pedagog.uw.edu.pl\/ostroleka\/ostroleckie-obserwatorium-oswiatowe\/\">Ostro\u0142\u0119ckie obserwatorium o\u015bwiatowe<\/a><\/h3>\n<figure><a href=\"https:\/\/www.pedagog.uw.edu.pl\/ostroleka\/o-programuje\/\"><img loading=\"lazy\" decoding=\"async\" src=\"http:\/\/www.pedagog.uw.edu.pl\/ostroleka\/wp-content\/uploads\/sites\/19\/2021\/05\/logo_oprogramuje.png\" alt=\"\" width=\"342\" height=\"266\" \/><\/a><\/figure>\n<p>Elementy programowania w edukacji pocz\u0105tkowej<\/p>\n","protected":false},"excerpt":{"rendered":"<p>Obecnie prowadzone s\u0105 cztery projekty edukacyjne w ramach wsp\u00f3\u0142pracy Wydzia\u0142u Pedagogicznego UW z W\u0142adzami Miasta Ostro\u0142\u0119ki. Przejd\u017a do danego projektu, by dowiedzie\u0107 si\u0119 wi\u0119cej o trwaj\u0105cych dzia\u0142aniach. Co ju\u017c umiemy? Monitorowanie osi\u0105gni\u0119\u0107 szkolnych uczni\u00f3w przed egzaminem \u00f3smoklasisty Demokracja jest OK! Rozw\u00f3j demokracji szkolnej w ostro\u0142\u0119ckich szko\u0142ach \u015brednich Ostro\u0142\u0119ckie obserwatorium o\u015bwiatowe Elementy programowania w edukacji pocz\u0105tkowej<\/p>\n","protected":false},"author":143,"featured_media":0,"parent":0,"menu_order":0,"comment_status":"closed","ping_status":"closed","template":"","meta":{"footnotes":""},"class_list":["post-534","page","type-page","status-publish","hentry"],"_links":{"self":[{"href":"https:\/\/www.pedagog.uw.edu.pl\/ostroleka\/wp-json\/wp\/v2\/pages\/534","targetHints":{"allow":["GET"]}}],"collection":[{"href":"https:\/\/www.pedagog.uw.edu.pl\/ostroleka\/wp-json\/wp\/v2\/pages"}],"about":[{"href":"https:\/\/www.pedagog.uw.edu.pl\/ostroleka\/wp-json\/wp\/v2\/types\/page"}],"author":[{"embeddable":true,"href":"https:\/\/www.pedagog.uw.edu.pl\/ostroleka\/wp-json\/wp\/v2\/users\/143"}],"replies":[{"embeddable":true,"href":"https:\/\/www.pedagog.uw.edu.pl\/ostroleka\/wp-json\/wp\/v2\/comments?post=534"}],"version-history":[{"count":6,"href":"https:\/\/www.pedagog.uw.edu.pl\/ostroleka\/wp-json\/wp\/v2\/pages\/534\/revisions"}],"predecessor-version":[{"id":655,"href":"https:\/\/www.pedagog.uw.edu.pl\/ostroleka\/wp-json\/wp\/v2\/pages\/534\/revisions\/655"}],"wp:attachment":[{"href":"https:\/\/www.pedagog.uw.edu.pl\/ostroleka\/wp-json\/wp\/v2\/media?parent=534"}],"curies":[{"name":"wp","href":"https:\/\/api.w.org\/{rel}","templated":true}]}}