{"id":59,"date":"2021-05-12T15:27:45","date_gmt":"2021-05-12T13:27:45","guid":{"rendered":"https:\/\/www.pedagog.uw.edu.pl\/ostroleka\/?page_id=59"},"modified":"2026-03-27T17:13:19","modified_gmt":"2026-03-27T16:13:19","slug":"kontakt","status":"publish","type":"page","link":"https:\/\/www.pedagog.uw.edu.pl\/ostroleka\/kontakt\/","title":{"rendered":"Kontakt"},"content":{"rendered":"<p><a href=\"https:\/\/goo.gl\/maps\/VuUDspq11yPUA86i8\"><br \/>\n<img loading=\"lazy\" decoding=\"async\" class=\"alignleft\" src=\"http:\/\/www.pedagog.uw.edu.pl\/ostroleka\/wp-content\/uploads\/sites\/19\/2021\/05\/mapa_wpeduw.png\" alt=\"\" width=\"430\" height=\"373\" \/> <\/a><\/p>\n<p><strong>Adres do korespondencji:<\/strong><\/p>\n<p>ul. Mokotowska 16\/20<\/p>\n<p>00-561 Warszawa<\/p>\n<p><a href=\"tel:+48226293404\">+48 22 629 34 04<\/a><\/p>\n<h6><\/h6>\n<h3>Kierownicy projekt\u00f3w<\/h3>\n<p><img decoding=\"async\" class=\"alignleft\" src=\"http:\/\/www.pedagog.uw.edu.pl\/ostroleka\/wp-content\/uploads\/sites\/19\/2021\/05\/bmurawska_resize.jpg\" alt=\"\" \/><br \/>\n<a href=\"https:\/\/www.pedagog.uw.edu.pl\/wizytowki\/dyzury-pracownikow\/wizytowki\/single-record-page\/?pdb=1264\"><strong>dr hab. Barbara Murawska<\/strong><\/a><\/p>\n<p><strong>Kierownik projektu<\/strong><\/p>\n<p>Co ju\u017c umiemy? Monitorowanie osi\u0105gni\u0119\u0107 szkolnych uczni\u00f3w przed egzaminem \u00f3smoklasisty<\/p>\n<h6><\/h6>\n<p><img decoding=\"async\" class=\"alignleft\" src=\"http:\/\/www.pedagog.uw.edu.pl\/ostroleka\/wp-content\/uploads\/sites\/19\/2021\/05\/azielinska_resize.jpg\" alt=\"\" \/><\/p>\n<p><a href=\"https:\/\/www.pedagog.uw.edu.pl\/wizytowki\/dyzury-pracownikow\/wizytowki\/single-record-page\/?pdb=1213\"><strong>dr hab. Anna Zieli\u0144ska, prof. UW<\/strong><\/a><\/p>\n<p><strong>Kierownik projektu<\/strong><\/p>\n<p>Demokracja jest OK! Rozw\u00f3j demokracji szkolnej w ostro\u0142\u0119ckich szko\u0142ach \u015brednich<\/p>\n<h6><\/h6>\n<p><img decoding=\"async\" class=\"alignleft\" src=\"http:\/\/www.pedagog.uw.edu.pl\/ostroleka\/wp-content\/uploads\/sites\/19\/2021\/05\/ajasinska_resize.jpg\" alt=\"\" \/><\/p>\n<p><a href=\"https:\/\/www.pedagog.uw.edu.pl\/wizytowki\/dyzury-pracownikow\/wizytowki\/single-record-page\/?pdb=1252\"><strong>dr Aleksandra Jasi\u0144ska-Maci\u0105\u017cek<\/strong><\/a><\/p>\n<p><strong>Kierownik projektu<\/strong><\/p>\n<p>Ostro\u0142\u0119ckie obserwatorium o\u015bwiatowe<\/p>\n<h6><\/h6>\n<p><img decoding=\"async\" class=\"alignleft\" src=\"http:\/\/www.pedagog.uw.edu.pl\/ostroleka\/wp-content\/uploads\/sites\/19\/2021\/05\/jpj_selfie_resize.jpg\" alt=\"\" \/><\/p>\n<p><strong>mgr Justyna Pa\u0142czy\u0144ska-Janiak<\/strong><\/p>\n<p><strong>Kierownik projektu<\/strong><\/p>\n<p>O.Programuje() Elementy programowania w edukacji pocz\u0105tkowej<\/p>\n","protected":false},"excerpt":{"rendered":"<p>Adres do korespondencji: ul. Mokotowska 16\/20 00-561 Warszawa +48 22 629 34 04 Kierownicy projekt\u00f3w dr hab. Barbara Murawska Kierownik projektu Co ju\u017c umiemy? Monitorowanie osi\u0105gni\u0119\u0107 szkolnych uczni\u00f3w przed egzaminem \u00f3smoklasisty dr hab. Anna Zieli\u0144ska, prof. UW Kierownik projektu Demokracja jest OK! Rozw\u00f3j demokracji szkolnej w ostro\u0142\u0119ckich szko\u0142ach \u015brednich dr Aleksandra Jasi\u0144ska-Maci\u0105\u017cek Kierownik projektu Ostro\u0142\u0119ckie obserwatorium o\u015bwiatowe mgr Justyna Pa\u0142czy\u0144ska-Janiak [&hellip;]<\/p>\n","protected":false},"author":143,"featured_media":0,"parent":0,"menu_order":0,"comment_status":"closed","ping_status":"closed","template":"","meta":{"footnotes":""},"class_list":["post-59","page","type-page","status-publish","hentry"],"_links":{"self":[{"href":"https:\/\/www.pedagog.uw.edu.pl\/ostroleka\/wp-json\/wp\/v2\/pages\/59","targetHints":{"allow":["GET"]}}],"collection":[{"href":"https:\/\/www.pedagog.uw.edu.pl\/ostroleka\/wp-json\/wp\/v2\/pages"}],"about":[{"href":"https:\/\/www.pedagog.uw.edu.pl\/ostroleka\/wp-json\/wp\/v2\/types\/page"}],"author":[{"embeddable":true,"href":"https:\/\/www.pedagog.uw.edu.pl\/ostroleka\/wp-json\/wp\/v2\/users\/143"}],"replies":[{"embeddable":true,"href":"https:\/\/www.pedagog.uw.edu.pl\/ostroleka\/wp-json\/wp\/v2\/comments?post=59"}],"version-history":[{"count":59,"href":"https:\/\/www.pedagog.uw.edu.pl\/ostroleka\/wp-json\/wp\/v2\/pages\/59\/revisions"}],"predecessor-version":[{"id":1924,"href":"https:\/\/www.pedagog.uw.edu.pl\/ostroleka\/wp-json\/wp\/v2\/pages\/59\/revisions\/1924"}],"wp:attachment":[{"href":"https:\/\/www.pedagog.uw.edu.pl\/ostroleka\/wp-json\/wp\/v2\/media?parent=59"}],"curies":[{"name":"wp","href":"https:\/\/api.w.org\/{rel}","templated":true}]}}