{"id":130,"date":"2019-11-14T20:40:39","date_gmt":"2019-11-14T19:40:39","guid":{"rendered":"https:\/\/www.pedagog.uw.edu.pl\/sal2020\/?page_id=130"},"modified":"2019-12-06T20:04:21","modified_gmt":"2019-12-06T19:04:21","slug":"accommodation","status":"publish","type":"page","link":"https:\/\/www.pedagog.uw.edu.pl\/sal2020\/en\/organizational-information\/accommodation\/","title":{"rendered":"Accommodation"},"content":{"rendered":"[row][column size=&#8221;1\/2&#8243; center=&#8221;no&#8221; class=&#8221;&#8221;]\n<p><iframe loading=\"lazy\" src=\"https:\/\/www.google.com\/maps\/d\/u\/3\/embed?mid=11Syb-ikcuOTpjL42UBrFnlBk1gHiItbK\" width=\"640\" height=\"480\"><\/iframe><\/p>\n<p><strong>A: Hotels<\/strong><br \/>\n<strong>B: Places of the conference<\/strong><\/p>\n<h4>How to get to BUW (Dobra 56\/66) &amp; Wydzia\u0142 Neofilologii UW (Dobra 55)?<\/h4>\n<p><a href=\"https:\/\/www.google.com\/maps\/dir\/Hotel+LOGOS+Warszawa,+Wybrze%C5%BCe+Ko%C5%9Bciuszkowskie,+Warszawa\/BUW,+Dobra,+Warszawa\/@52.2392384,21.0243488,16z\/data=!3m1!4b1!4m13!4m12!1m5!1m1!1s0x471ecc5742bc7249:0xf2f737cffb5160b!2m2!1d21.0325654!2d52.2378296!1m5!1m1!1s0x471ecc5c71fed74b:0x66745faad00c8f73!2m2!1d21.0244245!2d52.2423917\">From hotel LOGOS<\/a><br \/>\n<a href=\"https:\/\/www.google.com\/maps\/dir\/Hera,+Belwederska,+Warszawa\/BUW,+Dobra,+Warszawa\/@52.2247993,21.0160608,14z\/data=!3m1!4b1!4m13!4m12!1m5!1m1!1s0x471ecd213fb74703:0x686f019dcf92078d!2m2!1d21.0312438!2d52.20737!1m5!1m1!1s0x471ecc5c71fed74b:0x66745faad00c8f73!2m2!1d21.0244245!2d52.2423917\">From hotel HERA<\/a><br \/>\n<a href=\"https:\/\/www.google.com\/maps\/dir\/Ibis+Budget+Warszawa+Centrum,+Zag%C3%B3rna,+Warszawa\/BUW,+Dobra,+Warszawa\/@52.2343189,21.0244304,15z\/data=!3m1!4b1!4m13!4m12!1m5!1m1!1s0x471ecd01f4e6f813:0xa0065654e3ed6903!2m2!1d21.0419888!2d52.2266374!1m5!1m1!1s0x471ecc5c71fed74b:0x66745faad00c8f73!2m2!1d21.0244245!2d52.2423917\">From IBIS BUDGET<\/a><\/p>\n<h4>How to get to Wydzia\u0142 Historyczny UW (Krakowskie Przedmie\u015bcie 26\/28) ?<\/h4>\n<p><a href=\"https:\/\/www.google.com\/maps\/dir\/Hotel+LOGOS+Warszawa,+Wybrze%C5%BCe+Ko%C5%9Bciuszkowskie,+Warszawa\/Wydzia%C5%82+Historyczny+Uniwersytetu+Warszawskiego,+Krakowskie+Przedmie%C5%9Bcie+26%2F28,+00-927+Warszawa\/@52.2388117,21.0193386,16z\/data=!3m1!4b1!4m13!4m12!1m5!1m1!1s0x471ecc5742bc7249:0xf2f737cffb5160b!2m2!1d21.0325654!2d52.2378296!1m5!1m1!1s0x471ecc5e45144b95:0xb89844bd28ca0e6a!2m2!1d21.018564!2d52.2396469\">From hotel LOGOS<\/a><br \/>\n<a href=\"https:\/\/www.google.com\/maps\/dir\/Hera,+Belwederska,+Warszawa\/Wydzia%C5%82+Historyczny+Uniwersytetu+Warszawskiego,+Krakowskie+Przedmie%C5%9Bcie+26%2F28,+00-927+Warszawa\/@52.2235324,21.0014878,14z\/data=!3m1!4b1!4m13!4m12!1m5!1m1!1s0x471ecd213fb74703:0x686f019dcf92078d!2m2!1d21.0312438!2d52.20737!1m5!1m1!1s0x471ecc5e45144b95:0xb89844bd28ca0e6a!2m2!1d21.018564!2d52.2396469\">From hotel HERA<\/a><br \/>\n<a href=\"https:\/\/www.google.com\/maps\/dir\/Ibis+Budget+Warszawa+Centrum,+Zag%C3%B3rna,+Warszawa\/Wydzia%C5%82+Historyczny+Uniwersytetu+Warszawskiego,+Krakowskie+Przedmie%C5%9Bcie+26%2F28,+00-927+Warszawa\/@52.2296069,21.0106554,14z\/data=!3m1!4b1!4m13!4m12!1m5!1m1!1s0x471ecd01f4e6f813:0xa0065654e3ed6903!2m2!1d21.0419888!2d52.2266374!1m5!1m1!1s0x471ecc5e45144b95:0xb89844bd28ca0e6a!2m2!1d21.018564!2d52.2396469\">From IBIS BUDGET<\/a><\/p>\n[\/column]\n[column size=&#8221;1\/2&#8243; center=&#8221;no&#8221; class=&#8221;&#8221;]\n<h4>ACCOMMODATION (suggested hotels)<\/h4>\n<p><strong>HOTEL LOGOS<\/strong><br \/>\nAddress: Wybrze\u017ce Ko\u015bciuszkowskie 31\/33, 00-379 Warsaw<br \/>\nPhone (+48) 22 622 55 62<br \/>\n<a href=\"https:\/\/www.hotellogos.pl\/\">https:\/\/www.hotellogos.pl\/<\/a><br \/>\nCheck in from 2.00 p.m.<br \/>\nCheck out until 12.00 p.m.<br \/>\nAccommodation price:<br \/>\nsingle room (with breakfast) 218 PLN<br \/>\ndouble room (with breakfast) 288 PLN<br \/>\n<strong>How to get to HOTEL LOGOS?<\/strong><br \/>\n<a href=\"https:\/\/www.google.com\/maps\/dir\/Lotnisko+Chopina,+\u017bwirki+i+Wigury,+Warszawa\/Hotel+LOGOS+Warszawa,+Wybrze\u017ce+Ko\u015bciuszkowskie+31%2F33,+00-379+Warszawa\/\">From Lotnisko Chopina<\/a><br \/>\n<a href=\"https:\/\/www.google.com\/maps\/dir\/Dworzec+Centralny+im.+Stanis\u0142awa+Moniuszki,+Aleje+Jerozolimskie,+Warszawa\/Hotel+LOGOS+Warszawa,+Wybrze\u017ce+Ko\u015bciuszkowskie+31%2F33,+00-379+Warszawa\/\">From Dworzec Centralny PKP<\/a><br \/>\n<a href=\"https:\/\/www.google.com\/maps\/dir\/Pks,+Dworzec+Zachodni,+Aleje+Jerozolimskie,+Warszawa\/Hotel+LOGOS+Warszawa,+Wybrze\u017ce+Ko\u015bciuszkowskie+31%2F33,+00-379+Warszawa\/\">From Dworzec Zachodni PKS<\/a><\/p>\n<p>&nbsp;<\/p>\n<p><strong>HOTEL FACILITY &#8222;HERA&#8221;<\/strong><br \/>\nAddress: ul. Belwederska 26\/30, 00-594 Warsaw<br \/>\nPhone (+48) 22 553 10 00<br \/>\n<a href=\"http:\/\/hera.uw.edu.pl\/\">http:\/\/hera.uw.edu.pl\/<\/a><br \/>\nCheck in from 12.00 p.m.<br \/>\nCheck out until 10.00 a.m.<br \/>\nAccommodation price:<br \/>\nSingle room with bathroom PLN 140,<br \/>\nwith shower in the corridor PLN 80<br \/>\nDouble room with bathroom 180 PLN,<br \/>\nwith shower in the corridor 140 PLN<br \/>\nThe price of accommodation does not include breakfast<br \/>\n<strong>How to get to HOTEL FACILITY &#8222;HERA&#8221;?<\/strong><br \/>\n<a href=\"https:\/\/www.google.com\/maps\/dir\/Lotnisko+Chopina,+\u017bwirki+i+Wigury,+Warszawa\/Hera,+Belwederska+26%2F30,+Warszawa\/\">From Lotnisko Chopina<\/a><br \/>\n<a href=\"https:\/\/www.google.com\/maps\/dir\/Dworzec+Centralny+im.+Stanis\u0142awa+Moniuszki,+Aleje+Jerozolimskie,+Warszawa\/Hera,+Belwederska+26%2F30,+Warszawa\/\">From Dworzec Centralny PKP<\/a><br \/>\n<a href=\"https:\/\/www.google.com\/maps\/dir\/Pks,+Dworzec+Zachodni,+Aleje+Jerozolimskie,+Warszawa\/Hera,+Belwederska+26%2F30,+Warszawa\/\">From Dworzec Zachodnie PKS<\/a><\/p>\n<p>&nbsp;<\/p>\n<p><strong>IBIS BUDGET WARSAW CENTRUM<\/strong><br \/>\nAddress: ul. Zag\u00f3rna 1, 00-441 Warsaw<br \/>\nPhone (+48) 22 745 36 60<br \/>\n<a href=\"https:\/\/www.accorhotels.com\/pl\/hotel-6401-ibis-budget-warszawa-centrum\/index.shtml\">https:\/\/www.accorhotels.com\/pl\/hotel-6401-ibis-budget-warszawa-centrum\/index.shtml<\/a><br \/>\nCheck in from 12.00 p.m.<br \/>\nCheck out until 12.00 p.m.<br \/>\nAccommodation price:<br \/>\nsingle room (with breakfast) 160 PLN<br \/>\ndouble room (with breakfast) 180 PLN<br \/>\ncar park for guests 40 PLN \/ day<br \/>\nAccommodation prices are approximate and may change slightly<br \/>\nIn case you decide to stay in other facility, we recommend the following website:<br \/>\n<a href=\"https:\/\/mapy.e-turysta.pl\/mazowieckie\/warszawa#map=14\/21.0612\/52.2329\">https:\/\/mapy.e-turysta.pl\/mazowieckie\/warszawa#map=14\/21.0612\/52.2329<\/a><br \/>\nIf you wish, we are ready to assist you in booking the hotel. Please, report your need in this<br \/>\narea.<br \/>\n<strong>How to get to IPIS BUDGET WARSAW CENTRUM?<\/strong><br \/>\n<a href=\"https:\/\/www.google.com\/maps\/dir\/Lotnisko+Chopina,+\u017bwirki+i+Wigury,+Warszawa\/Ibis+Budget+Warszawa+Centrum,+Zag\u00f3rna,+Warszawa\/\">From Lotnisko Chopina<\/a><br \/>\n<a href=\"https:\/\/www.google.com\/maps\/dir\/Dworzec+Centralny+im.+Stanis\u0142awa+Moniuszki,+Aleje+Jerozolimskie,+Warszawa\/Ibis+Budget+Warszawa+Centrum,+Zag\u00f3rna,+Warszawa\/\">From Dworzec Centralny PKP<\/a><br \/>\n<a href=\"https:\/\/www.google.com\/maps\/dir\/Pks,+Dworzec+Zachodni,+Aleje+Jerozolimskie,+Warszawa\/Ibis+Budget+Warszawa+Centrum,+Zag\u00f3rna,+Warszawa\/\">From Dworzec Zachodni PKS<\/a><\/p>\n[\/column][\/row]\n","protected":false},"excerpt":{"rendered":"<p>[row][column size=&#8221;1\/2&#8243; center=&#8221;no&#8221; class=&#8221;&#8221;] A: Hotels B: Places of the conference How to get to BUW (Dobra 56\/66) &amp; Wydzia\u0142 Neofilologii UW (Dobra 55)? From hotel LOGOS From hotel HERA From IBIS BUDGET How to get to Wydzia\u0142 Historyczny UW (Krakowskie Przedmie\u015bcie 26\/28) ? From hotel LOGOS From hotel HERA From IBIS BUDGET [\/column] [column [&hellip;]<\/p>\n","protected":false},"author":1,"featured_media":0,"parent":120,"menu_order":0,"comment_status":"closed","ping_status":"closed","template":"","meta":{"footnotes":""},"class_list":["post-130","page","type-page","status-publish","hentry"],"_links":{"self":[{"href":"https:\/\/www.pedagog.uw.edu.pl\/sal2020\/wp-json\/wp\/v2\/pages\/130","targetHints":{"allow":["GET"]}}],"collection":[{"href":"https:\/\/www.pedagog.uw.edu.pl\/sal2020\/wp-json\/wp\/v2\/pages"}],"about":[{"href":"https:\/\/www.pedagog.uw.edu.pl\/sal2020\/wp-json\/wp\/v2\/types\/page"}],"author":[{"embeddable":true,"href":"https:\/\/www.pedagog.uw.edu.pl\/sal2020\/wp-json\/wp\/v2\/users\/1"}],"replies":[{"embeddable":true,"href":"https:\/\/www.pedagog.uw.edu.pl\/sal2020\/wp-json\/wp\/v2\/comments?post=130"}],"version-history":[{"count":7,"href":"https:\/\/www.pedagog.uw.edu.pl\/sal2020\/wp-json\/wp\/v2\/pages\/130\/revisions"}],"predecessor-version":[{"id":245,"href":"https:\/\/www.pedagog.uw.edu.pl\/sal2020\/wp-json\/wp\/v2\/pages\/130\/revisions\/245"}],"up":[{"embeddable":true,"href":"https:\/\/www.pedagog.uw.edu.pl\/sal2020\/wp-json\/wp\/v2\/pages\/120"}],"wp:attachment":[{"href":"https:\/\/www.pedagog.uw.edu.pl\/sal2020\/wp-json\/wp\/v2\/media?parent=130"}],"curies":[{"name":"wp","href":"https:\/\/api.w.org\/{rel}","templated":true}]}}