{"id":302,"date":"2020-05-08T23:41:21","date_gmt":"2020-05-08T21:41:21","guid":{"rendered":"https:\/\/www.pedagog.uw.edu.pl\/sal2020\/?page_id=302"},"modified":"2020-05-08T23:41:21","modified_gmt":"2020-05-08T21:41:21","slug":"komunikat-iv","status":"publish","type":"page","link":"https:\/\/www.pedagog.uw.edu.pl\/sal2020\/komunikat-iv\/","title":{"rendered":"Komunikat IV"},"content":{"rendered":"<p style=\"text-align: right;\">Warszawa, 4.05.2020 r.<\/p>\n<p style=\"text-align: center;\">Szanowni Pa\u0144stwo,<\/p>\n<p>W zwi\u0105zku z trwaj\u0105cymi, pomimo zewn\u0119trznych trudno\u015bci, przygotowaniami do mi\u0119dzynarodowej konferencji \u201ePrzestrzenie uczenia si\u0119 doros\u0142ych\u201d (Spaces of Adult Learning \u2013 SAL 2020), informujemy, \u017ce podj\u0119li\u015bmy dzia\u0142ania maj\u0105ce na celu zamieszczenie nades\u0142anych przez Pa\u0144stwa tekst\u00f3w w indeksowanych bazach referencyjnych (np. Web of Science). Ze wzgl\u0119du na czas trwania procedur przyjmowania tekst\u00f3w do baz takich jak WoS przypominamy osobom zainteresowanym o konieczno\u015bci nades\u0142ania tekstu w ustalonym terminie (do 15 lipca). Zwracamy si\u0119 do Pa\u0144stwa z uprzejm\u0105 pro\u015bb\u0105 o przygotowanie tekst\u00f3w zgodnie z podanymi w poprzednich komunikatach wytycznymi (komunikat trzeci dost\u0119pny jest pod linkiem: <a href=\"https:\/\/www.pedagog.uw.edu.pl\/sal2020\/komunikat-iii\/\">https:\/\/www.pedagog.uw.edu.pl\/sal2020\/komunikat-iii\/<\/a>) oraz nades\u0142anie ich na adres e mail: <a href=\"mailto:sal2020@pedagog.uw.edu.pl\">sal2020@pedagog.uw.edu.pl<\/a> .<\/p>\n<p>Wszystkim osobom zainteresowanym opublikowaniem artyku\u0142u przypominamy, \u017ce wycofanie op\u0142aty konferencyjnej jest jednoznaczne z rezygnacj\u0105 z publikacji.<\/p>\n<p>Wkr\u00f3tce podamy Pa\u0144stwu nowy termin planowanej konferencji, najprawdopodobniej 5-6 pa\u017adziernika bie\u017c\u0105cego roku (je\u017celi COVID-19 pozwoli).<\/p>\n<p style=\"text-align: right;\">Z serdecznymi pozdrowieniami<\/p>\n<p style=\"text-align: right;\">Komitet Organizacyjny<\/p>\n","protected":false},"excerpt":{"rendered":"<p>Warszawa, 4.05.2020 r. Szanowni Pa\u0144stwo, W zwi\u0105zku z trwaj\u0105cymi, pomimo zewn\u0119trznych trudno\u015bci, przygotowaniami do mi\u0119dzynarodowej konferencji \u201ePrzestrzenie uczenia si\u0119 doros\u0142ych\u201d (Spaces of Adult Learning \u2013 SAL 2020), informujemy, \u017ce podj\u0119li\u015bmy dzia\u0142ania maj\u0105ce na celu zamieszczenie nades\u0142anych przez Pa\u0144stwa tekst\u00f3w w indeksowanych bazach referencyjnych (np. Web of Science). Ze wzgl\u0119du na czas trwania procedur przyjmowania tekst\u00f3w [&hellip;]<\/p>\n","protected":false},"author":1,"featured_media":0,"parent":0,"menu_order":0,"comment_status":"closed","ping_status":"closed","template":"","meta":{"footnotes":""},"class_list":["post-302","page","type-page","status-publish","hentry"],"_links":{"self":[{"href":"https:\/\/www.pedagog.uw.edu.pl\/sal2020\/wp-json\/wp\/v2\/pages\/302","targetHints":{"allow":["GET"]}}],"collection":[{"href":"https:\/\/www.pedagog.uw.edu.pl\/sal2020\/wp-json\/wp\/v2\/pages"}],"about":[{"href":"https:\/\/www.pedagog.uw.edu.pl\/sal2020\/wp-json\/wp\/v2\/types\/page"}],"author":[{"embeddable":true,"href":"https:\/\/www.pedagog.uw.edu.pl\/sal2020\/wp-json\/wp\/v2\/users\/1"}],"replies":[{"embeddable":true,"href":"https:\/\/www.pedagog.uw.edu.pl\/sal2020\/wp-json\/wp\/v2\/comments?post=302"}],"version-history":[{"count":1,"href":"https:\/\/www.pedagog.uw.edu.pl\/sal2020\/wp-json\/wp\/v2\/pages\/302\/revisions"}],"predecessor-version":[{"id":303,"href":"https:\/\/www.pedagog.uw.edu.pl\/sal2020\/wp-json\/wp\/v2\/pages\/302\/revisions\/303"}],"wp:attachment":[{"href":"https:\/\/www.pedagog.uw.edu.pl\/sal2020\/wp-json\/wp\/v2\/media?parent=302"}],"curies":[{"name":"wp","href":"https:\/\/api.w.org\/{rel}","templated":true}]}}