{"id":349,"date":"2020-08-30T16:38:10","date_gmt":"2020-08-30T14:38:10","guid":{"rendered":"https:\/\/www.pedagog.uw.edu.pl\/sal2020\/?page_id=349"},"modified":"2020-08-30T16:38:10","modified_gmt":"2020-08-30T14:38:10","slug":"komunikat-vi","status":"publish","type":"page","link":"https:\/\/www.pedagog.uw.edu.pl\/sal2020\/komunikat-vi\/","title":{"rendered":"Komunikat VI"},"content":{"rendered":"<p>Szanowni Pa\u0144stwo,<\/p>\n<p>Uprzejmie prosimy o zadeklarowanie sposobu uczestnictwa w Konferencji SAL2020, kt\u00f3ra odb\u0119dzie si\u0119 w dniach 5 \u2013 6 pa\u017adziernika 2020 roku. Wydarzenie prowadzone b\u0119dzie w formie hybrydowej, czyli mo\u017cna uczestniczy\u0107 w nim zar\u00f3wno online, jak i przyjecha\u0107 do Warszawy. Pragniemy zapewni\u0107 Pa\u0144stwu komfortowe warunki, dlatego niezmiernie nam zale\u017cy na informacji, kt\u00f3r\u0105 form\u0119 uczestnictwa zamierzaj\u0105 Pa\u0144stwo wybra\u0107. B\u0119dziemy wdzi\u0119czni za jak najszybsz\u0105 odpowied\u017a.<\/p>\n<p>Ponadto na stronie Wyst\u0105pienia i Publikacje znajduj\u0105 si\u0119 instrukcje dotycz\u0105ce przygotowania tekst\u00f3w do druku. B\u0119dziemy niezmiernie wdzi\u0119czni, je\u015bli uwzgl\u0119dni\u0105 je Pa\u0144stwo w swoich artyku\u0142ach.<\/p>\n<p>Prosz\u0119 mie\u0107 na uwadze, \u017ce je\u015bli zamierzaj\u0105 Pa\u0144stwo publikowa\u0107 w Edukacji Doros\u0142ych, to tekst\u00f3w nie wysy\u0142amy do redakcji, a do Komitetu Organizacyjnego Konferencji SAL2020.<\/p>\n<p>Przypominamy, \u017ce na Pa\u0144stwa artyku\u0142y czekamy do 15 wrze\u015bnia 2020 roku.<\/p>\n<p>&nbsp;<\/p>\n<p style=\"text-align: right;\">Z pozdrowieniami,<br \/>\nKomitet Organizacyjny<\/p>\n","protected":false},"excerpt":{"rendered":"<p>Szanowni Pa\u0144stwo, Uprzejmie prosimy o zadeklarowanie sposobu uczestnictwa w Konferencji SAL2020, kt\u00f3ra odb\u0119dzie si\u0119 w dniach 5 \u2013 6 pa\u017adziernika 2020 roku. Wydarzenie prowadzone b\u0119dzie w formie hybrydowej, czyli mo\u017cna uczestniczy\u0107 w nim zar\u00f3wno online, jak i przyjecha\u0107 do Warszawy. Pragniemy zapewni\u0107 Pa\u0144stwu komfortowe warunki, dlatego niezmiernie nam zale\u017cy na informacji, kt\u00f3r\u0105 form\u0119 uczestnictwa zamierzaj\u0105 [&hellip;]<\/p>\n","protected":false},"author":1,"featured_media":0,"parent":0,"menu_order":0,"comment_status":"closed","ping_status":"closed","template":"","meta":{"footnotes":""},"class_list":["post-349","page","type-page","status-publish","hentry"],"_links":{"self":[{"href":"https:\/\/www.pedagog.uw.edu.pl\/sal2020\/wp-json\/wp\/v2\/pages\/349","targetHints":{"allow":["GET"]}}],"collection":[{"href":"https:\/\/www.pedagog.uw.edu.pl\/sal2020\/wp-json\/wp\/v2\/pages"}],"about":[{"href":"https:\/\/www.pedagog.uw.edu.pl\/sal2020\/wp-json\/wp\/v2\/types\/page"}],"author":[{"embeddable":true,"href":"https:\/\/www.pedagog.uw.edu.pl\/sal2020\/wp-json\/wp\/v2\/users\/1"}],"replies":[{"embeddable":true,"href":"https:\/\/www.pedagog.uw.edu.pl\/sal2020\/wp-json\/wp\/v2\/comments?post=349"}],"version-history":[{"count":1,"href":"https:\/\/www.pedagog.uw.edu.pl\/sal2020\/wp-json\/wp\/v2\/pages\/349\/revisions"}],"predecessor-version":[{"id":350,"href":"https:\/\/www.pedagog.uw.edu.pl\/sal2020\/wp-json\/wp\/v2\/pages\/349\/revisions\/350"}],"wp:attachment":[{"href":"https:\/\/www.pedagog.uw.edu.pl\/sal2020\/wp-json\/wp\/v2\/media?parent=349"}],"curies":[{"name":"wp","href":"https:\/\/api.w.org\/{rel}","templated":true}]}}