{"id":367,"date":"2020-09-10T19:10:06","date_gmt":"2020-09-10T17:10:06","guid":{"rendered":"https:\/\/www.pedagog.uw.edu.pl\/sal2020\/?page_id=367"},"modified":"2020-09-10T19:10:06","modified_gmt":"2020-09-10T17:10:06","slug":"komunikat-vii","status":"publish","type":"page","link":"https:\/\/www.pedagog.uw.edu.pl\/sal2020\/komunikat-vii\/","title":{"rendered":"Komunikat VII"},"content":{"rendered":"<p align=\"right\">Warszawa, 8.09.2020 r.<\/p>\n<p>Szanowni Pa\u0144stwo,<\/p>\n<p align=\"justify\">pomimo zewn\u0119trznych trudno\u015bci przygotowania do mi\u0119dzynarodowej konferencji \u201ePrzestrzenie uczenia si\u0119 doros\u0142ych\u201d (<i>Spaces of Adult Learning \u2013 SAL\u00a02020<\/i>) trwaj\u0105. Jeste\u015bmy gotowi na przyj\u0119cie Pa\u0144stwa w trybie hybrydowym oraz w gmachu Wydzia\u0142u Pedagogicznego Uniwersytetu Warszawskiego w dniach 5 \u2013 6 pa\u017adziernika 2020 r.<\/p>\n<p align=\"justify\">Bez wzgl\u0119du na deklarowany tryb uczestniczenia wszyscy Pa\u0144stwo otrzymaj\u0105 linki do obrad plenarnych i do obrad w sekcjach. Materia\u0142y konferencyjne b\u0119d\u0105 zamieszczone na stronie internetowej naszej konferencji &#8211; do samodzielnego pobrania (https:\/\/www.pedagog.uw.edu.pl\/sal2020\/). Tam zamieszczamy sukcesywnie wszelkie bie\u017c\u0105ce wiadomo\u015bci.<\/p>\n<p align=\"justify\">Jak informowali\u015bmy, podj\u0119li\u015bmy dzia\u0142ania s\u0142u\u017c\u0105ce opublikowaniu monografii wieloautorskiej, sk\u0142adaj\u0105cej si\u0119 z nades\u0142anych przez Pa\u0144stwa artyku\u0142\u00f3w w j\u0119zyku angielskim, w\u00a0wydawnictwie Taylor @ Francis (oczywi\u015bcie tych pozytywnie zrecenzowanych, dadz\u0105 one Pa\u0144stwu 80 punkt\u00f3w). Ze wzgl\u0119du na czas trwania procedur wydawniczych przypominamy osobom zainteresowanym o konieczno\u015bci nades\u0142ania tekstu do &#8211; UWAGA! &#8211; 15 pa\u017adziernika 2020 r. Terminu tego ju\u017c NIE PRZED\u0141U\u017bYMY (zyskali Pa\u0144stwo dodatkowe trzy miesi\u0105ce). <span style=\"color: #000000;\">Prosimy o\u00a0przygotowanie tekst\u00f3w zgodnie z\u00a0podanymi w poprzednich komunikatach wytycznymi (komunikat trzeci dost\u0119pny jest pod linkiem: <\/span><span style=\"color: #0563c1;\"><u><a href=\"https:\/\/www.pedagog.uw.edu.pl\/sal2020\/komunikat-iii\/\">https:\/\/www.pedagog.uw.edu.pl\/sal2020\/komunikat-iii\/<\/a><\/u><\/span>) <span style=\"color: #000000;\">oraz nades\u0142anie ich na adres e mail: <\/span><span style=\"color: #0563c1;\"><u><a href=\"mailto:sal2020@pedagog.uw.edu.pl\">sal2020@pedagog.uw.edu.pl<\/a><\/u><\/span> <span style=\"color: #000000;\">. <\/span><\/p>\n<p align=\"right\"><a name=\"_GoBack\"><\/a> W oczekiwaniu na spotkanie tak realne jak i wirtualne<\/p>\n<p align=\"right\"><i>Zofia Szarota<\/i><\/p>\n<p align=\"right\">Przewodnicz\u0105ca Komitetu Organizacyjnego<\/p>\n","protected":false},"excerpt":{"rendered":"<p>Warszawa, 8.09.2020 r. Szanowni Pa\u0144stwo, pomimo zewn\u0119trznych trudno\u015bci przygotowania do mi\u0119dzynarodowej konferencji \u201ePrzestrzenie uczenia si\u0119 doros\u0142ych\u201d (Spaces of Adult Learning \u2013 SAL\u00a02020) trwaj\u0105. Jeste\u015bmy gotowi na przyj\u0119cie Pa\u0144stwa w trybie hybrydowym oraz w gmachu Wydzia\u0142u Pedagogicznego Uniwersytetu Warszawskiego w dniach 5 \u2013 6 pa\u017adziernika 2020 r. Bez wzgl\u0119du na deklarowany tryb uczestniczenia wszyscy Pa\u0144stwo otrzymaj\u0105 [&hellip;]<\/p>\n","protected":false},"author":1,"featured_media":0,"parent":0,"menu_order":0,"comment_status":"closed","ping_status":"closed","template":"","meta":{"footnotes":""},"class_list":["post-367","page","type-page","status-publish","hentry"],"_links":{"self":[{"href":"https:\/\/www.pedagog.uw.edu.pl\/sal2020\/wp-json\/wp\/v2\/pages\/367","targetHints":{"allow":["GET"]}}],"collection":[{"href":"https:\/\/www.pedagog.uw.edu.pl\/sal2020\/wp-json\/wp\/v2\/pages"}],"about":[{"href":"https:\/\/www.pedagog.uw.edu.pl\/sal2020\/wp-json\/wp\/v2\/types\/page"}],"author":[{"embeddable":true,"href":"https:\/\/www.pedagog.uw.edu.pl\/sal2020\/wp-json\/wp\/v2\/users\/1"}],"replies":[{"embeddable":true,"href":"https:\/\/www.pedagog.uw.edu.pl\/sal2020\/wp-json\/wp\/v2\/comments?post=367"}],"version-history":[{"count":1,"href":"https:\/\/www.pedagog.uw.edu.pl\/sal2020\/wp-json\/wp\/v2\/pages\/367\/revisions"}],"predecessor-version":[{"id":368,"href":"https:\/\/www.pedagog.uw.edu.pl\/sal2020\/wp-json\/wp\/v2\/pages\/367\/revisions\/368"}],"wp:attachment":[{"href":"https:\/\/www.pedagog.uw.edu.pl\/sal2020\/wp-json\/wp\/v2\/media?parent=367"}],"curies":[{"name":"wp","href":"https:\/\/api.w.org\/{rel}","templated":true}]}}