{"id":396,"date":"2020-09-29T00:06:55","date_gmt":"2020-09-28T22:06:55","guid":{"rendered":"https:\/\/www.pedagog.uw.edu.pl\/sal2020\/?page_id=396"},"modified":"2020-09-29T00:06:55","modified_gmt":"2020-09-28T22:06:55","slug":"deklaracja-dostepnosci","status":"publish","type":"page","link":"https:\/\/www.pedagog.uw.edu.pl\/sal2020\/deklaracja-dostepnosci\/","title":{"rendered":"Deklaracja dost\u0119pno\u015bci"},"content":{"rendered":"<p id=\"a11y-wstep\"><span id=\"a11y-podmiot\">Uniwersytet Warszawski<\/span> zobowi\u0105zuje si\u0119 zapewni\u0107 dost\u0119pno\u015b\u0107 swojej strony internetowej zgodnie z przepisami ustawy z dnia 4 kwietnia 2019 r. o dost\u0119pno\u015bci cyfrowej stron internetowych i aplikacji mobilnych podmiot\u00f3w publicznych. O\u015bwiadczenie w sprawie dost\u0119pn\u015bci ma zastosowanie do strony internetowej <a id=\"a11y-url\" href=\"http:\/\/www.pedagog.uw.edu.pl\"><strong>www.pedagog.uw.edu.pl<\/strong><\/a><\/p>\n<ul>\n<li>Data publikacji strony internetowej: <span id=\"a11y-data-publikacja\"><strong>2002-10-01<\/strong><\/span>.<\/li>\n<li>Data ostatniej istotnej aktualizacji: <span id=\"a11y-data-aktualizacja\"><strong>2020-08-28 <\/strong><\/span>.<\/li>\n<\/ul>\n<h2>Status zgodno\u015bci z ustaw\u0105 o dost\u0119pno\u015bci cyfrowej<\/h2>\n<div id=\"a11y-status\">\n<p>Strona internetowa jest cz\u0119\u015bciowo zgodna z ustaw\u0105 z dnia 4 kwietnia 2019 r. o dost\u0119pno\u015bci cyfrowej stron internetowych i aplikacji mobilnych podmiot\u00f3w publicznych z powodu niezgodno\u015bci lub wy\u0142\u0105cze\u0144 wymienionych poni\u017cej.<\/p>\n<\/div>\n<ul>\n<li>Tytu\u0142y podstron\n<ul>\n<li>W serwisie wyst\u0119puj\u0105 strony, kt\u00f3re posiadaj\u0105 nier\u00f3\u017cnialne tytu\u0142y.<\/li>\n<\/ul>\n<\/li>\n<li>Kotwice (odno\u015bniki w obr\u0119bie strony)\n<ul>\n<li>Serwis posiada dedykowan\u0105 wtyczk\u0119 opcji dost\u0119pno\u015bci, kt\u00f3rej obs\u0142uga mo\u017ce sprawia\u0107 problemy.<\/li>\n<\/ul>\n<\/li>\n<li>Linki\n<ul>\n<li>Serwis posiada grafiki b\u0119d\u0105ce odno\u015bnikami i nie posiadaj\u0105ce opisu w znaczniku ALT.<\/li>\n<li>Serwis posiada odno\u015bniki kontekstowe, kt\u00f3rych tre\u015b\u0107 nie informuje jednoznacznie o celu.<\/li>\n<li>Nag\u0142\u00f3wek serwisu jest odno\u015bnikiem graficznym nie posiadaj\u0105cym opisu w znaczniku ALT.<\/li>\n<\/ul>\n<\/li>\n<li>Znacznik j\u0119zyka strony lub tre\u015bci tekstowej.\n<ul>\n<li>Po klikni\u0119ciu linku english version j\u0119zyk strony si\u0119 nie zmienia<\/li>\n<\/ul>\n<\/li>\n<li>Nag\u0142\u00f3wki\n<ul>\n<li>Strony serwisu nie posiadaj\u0105 zdefiniowanej struktury nag\u0142\u00f3wk\u00f3w.<\/li>\n<\/ul>\n<\/li>\n<li>Alternatywne opisy dla grafiki\n<ul>\n<li>Wyst\u0119puj\u0105 ale nie zawsze, na stronie g\u0142\u00f3wnej jest du\u017co link\u00f3w bez alternatywnych opis\u00f3w<\/li>\n<\/ul>\n<\/li>\n<li>Pola formularzy\n<ul>\n<li>Na stronie g\u0142\u00f3wnej przy formularzu szukania wyst\u0119puje przycisk bez tekstowej etykiety<\/li>\n<\/ul>\n<\/li>\n<li>Obs\u0142uga b\u0142\u0119d\u00f3w formularza\n<ul>\n<li>Informacja o ilo\u015bci znalezionych wynik\u00f3w po angielsku<\/li>\n<\/ul>\n<\/li>\n<li>Pozosta\u0142e elementy steruj\u0105ce strony\n<ul>\n<li>Serwis posiada elementy steruj\u0105ce niedost\u0119pne za pomoc\u0105 klawiatury.<\/li>\n<\/ul>\n<\/li>\n<li>Elementy klikalne\n<ul>\n<li>Elementy menu g\u0142\u00f3wnego nie s\u0105 dost\u0119pne z poziomu klawiatury.<\/li>\n<li>Serwis posiada listy rozwijane, kt\u00f3re nie s\u0105 obs\u0142ugiwane za pomoc\u0105 klawiatury.<\/li>\n<\/ul>\n<\/li>\n<li>Dost\u0119pno\u015b\u0107 wszystkich element\u00f3w na stronie\n<ul>\n<li>Elementy rozwijalne menu g\u0142\u00f3wnego nie s\u0105 dost\u0119pne za pomoc\u0105 klawiatury.<\/li>\n<\/ul>\n<\/li>\n<li>Wyszukiwanie w serwisie\n<ul>\n<li>Informacja o znalezionych elementach jest tylko po angielsku.<\/li>\n<li>Pole wyszukiwania nie posiada etykiety lub zosta\u0142a ona b\u0142\u0119dnie powi\u0105zana.<\/li>\n<\/ul>\n<\/li>\n<li>Dost\u0119pno\u015b\u0107 materia\u0142\u00f3w zamieszczonych na stronie\n<ul>\n<li>Strona mo\u017ce posiada\u0107 odno\u015bniki do dokument\u00f3w, kt\u00f3re nie s\u0105 dost\u0119pne.<\/li>\n<\/ul>\n<\/li>\n<li>Mapa serwisu, zrozumia\u0142o\u015b\u0107 struktury serwisu, \u0142atwo\u015b\u0107 odnajdywania informacji\n<ul>\n<li>Serwis nie posiada mapy stron.<\/li>\n<\/ul>\n<\/li>\n<li>Kontrasty i kolorystyka strony\n<ul>\n<li>Strona posiada elementy nie spe\u0142niaj\u0105ce wymog\u00f3w kontrastu.<\/li>\n<li>Serwis posiada odno\u015bniki wyr\u00f3\u017cnione tylko kolorem, kt\u00f3re nie spe\u0142niaj\u0105 wymog\u00f3w kontrastu.<\/li>\n<\/ul>\n<\/li>\n<li>Widoczno\u015b\u0107 fokusa klawiatury\n<ul>\n<li>Serwis ukrywa widoczno\u015b\u0107 fokusa klawiatury.<\/li>\n<\/ul>\n<\/li>\n<li>Dost\u0119pno\u015b\u0107 element\u00f3w klikalnych\n<ul>\n<li>Serwis posiada elementy klikalne, kt\u00f3re nie s\u0105 obs\u0142ugiwalne przy u\u017cyciu klawiatury.<\/li>\n<\/ul>\n<\/li>\n<li>Wyr\u00f3\u017cnienie link\u00f3w i innych istotnych element\u00f3w strony\n<ul>\n<li>Serwis posiada odno\u015bniki wyr\u00f3\u017cnione tylko kolorem.<\/li>\n<li>Serwis posiada odno\u015bniki, kt\u00f3re nie spe\u0142niaj\u0105 wymog\u00f3w kontrastu.<\/li>\n<\/ul>\n<\/li>\n<li>Walidacja HTML\/CSS\n<ul>\n<li>W serwisie wyst\u0119puj\u0105 problemy z walidacj\u0105 HTML.<\/li>\n<\/ul>\n<\/li>\n<li>Dost\u0119pno\u015b\u0107 interfejsu u\u017cytkownika\n<ul>\n<li>Interfejs serwisu zawiera elementy trudne w obs\u0142udze.<\/li>\n<\/ul>\n<\/li>\n<\/ul>\n<p>O\u015bwiadczenie sporz\u0105dzono dnia: <span id=\"a11y-data-sporzadzenie\"><strong>2020-09-24<\/strong><\/span>. Deklaracj\u0119 sporz\u0105dzono na podstawie samooceny przeprowadzonej przez podmiot publiczny: <span id=\" a11y-audytor\"><strong><a href=\"https:\/\/bon.uw.edu.pl\">Biuro ds. Os\u00f3b Niepe\u0142nosprawnych UW<\/a><\/strong><\/span>.<\/p>\n<h2>Skr\u00f3ty klawiaturowe<\/h2>\n<p>Na stronie <strong><a href=\"http:\/\/www.pedagog.uw.edu.pl\">www.pedagog.uw.edu.pl<\/a><\/strong> nie zastosowano \u017cadnych specjalnych skr\u00f3t\u00f3w klawiaturowych.<\/p>\n<h2 id=\"a11y-kontakt\">Informacje zwrotne i dane kontaktowe<\/h2>\n<p>Osob\u0105 kontaktow\u0105 w sprawach zwi\u0105zanych z dost\u0119pno\u015bci\u0105 tej strony internetowej jest <span id=\"a11y-osoba\"><strong>Joanna Koz\u0142owska-Pi\u0119cek<\/strong><\/span>.<br \/>\nW przypadku problem\u00f3w z dost\u0119pno\u015bci\u0105 strony internetowej prosimy o kontakt: e-mail: <span id=\"a11y-email\"><strong>j.piecek@uw.edu.pl<\/strong><\/span>, telefon <span id=\"a11y-telefon\"><strong>brak<\/strong><\/span>.<br \/>\nT\u0105 sam\u0105 drog\u0105 mo\u017cna sk\u0142ada\u0107 wnioski o udost\u0119pnienie informacji niedost\u0119pnej oraz sk\u0142ada\u0107 \u017c\u0105dania zapewnienia dost\u0119pno\u015bci.<\/p>\n<h2 id=\"a11y-procedura\">Procedura wnioskowo-skargowa<\/h2>\n<p>Ka\u017cdy ma prawo do wyst\u0105pienia z \u017c\u0105daniem zapewnienia dost\u0119pno\u015bci cyfrowej strony internetowej, aplikacji mobilnej lub jakiego\u015b ich elementu. Mo\u017cna tak\u017ce za\u017c\u0105da\u0107 udost\u0119pnienia informacji za pomoc\u0105 alternatywnego sposobu dost\u0119pu, na przyk\u0142ad przez odczytanie niedost\u0119pnego cyfrowo dokumentu, opisanie zawarto\u015bci filmu bez audiodeskrypcji itp.<\/p>\n<p>\u017b\u0105danie powinno zawiera\u0107 dane osoby zg\u0142aszaj\u0105cej \u017c\u0105danie, wskazanie, o kt\u00f3r\u0105 stron\u0119 internetow\u0105 lub aplikacj\u0119 mobiln\u0105 chodzi oraz spos\u00f3b kontaktu. Je\u017celi osoba \u017c\u0105daj\u0105ca zg\u0142asza potrzeb\u0119 otrzymania informacji za pomoc\u0105 alternatywnego sposobu dost\u0119pu, powinna tak\u017ce okre\u015bli\u0107 dogodny dla niej spos\u00f3b przedstawienia tej informacji.<\/p>\n<p>Podmiot publiczny powinien zrealizowa\u0107 \u017c\u0105danie niezw\u0142ocznie, nie p\u00f3\u017aniej ni\u017c w ci\u0105gu 7 dni od dnia wyst\u0105pienia z \u017c\u0105daniem. Je\u017celi dotrzymanie tego terminu nie jest mo\u017cliwe, podmiot publiczny niezw\u0142ocznie informuje o tym wnosz\u0105cego \u017c\u0105danie, kiedy realizacja \u017c\u0105dania b\u0119dzie mo\u017cliwa, przy czym termin ten nie mo\u017ce by\u0107 d\u0142u\u017cszy ni\u017c 2 miesi\u0105ce od dnia wyst\u0105pienia z \u017c\u0105daniem.<\/p>\n<p>Je\u017celi zapewnienie dost\u0119pno\u015bci cyfrowej nie jest mo\u017cliwe, podmiot publiczny mo\u017ce zaproponowa\u0107 alternatywny spos\u00f3b dost\u0119pu do informacji. W przypadku, gdy podmiot publiczny odm\u00f3wi realizacji \u017c\u0105dania zapewnienia dost\u0119pno\u015bci lub alternatywnego sposobu dost\u0119pu do informacji, wnosz\u0105cy \u017c\u0105danie mo\u017cne z\u0142o\u017cy\u0107 skarg\u0119 w sprawie zapewniana dost\u0119pno\u015bci cyfrowej strony internetowej, aplikacji mobilnej lub elementu strony internetowej, lub aplikacji mobilnej. Po wyczerpaniu wskazanej wy\u017cej procedury mo\u017cna tak\u017ce z\u0142o\u017cy\u0107 wniosek do Rzecznika Praw Obywatelskich.<\/p>\n<h2 id=\"a11y-architektura\">Dost\u0119pno\u015b\u0107 architektoniczna<\/h2>\n<p>Pe\u0142en wykaz budynk\u00f3w nale\u017c\u0105cych do UW znajduje si\u0119 na <strong><a href=\"http:\/\/uw.edu.pl\/deklaracja-dostepnosci\">stronie deklaracji dost\u0119pno\u015bci UW<\/a><\/strong>.<\/p>\n<p>Jednostka Prowadz\u0105ca deklaruje dost\u0119pno\u015b\u0107 architektoniczn\u0105 budynku: <strong>Budynek Dydaktyczny &#8211; Mokotowska 16\/20, 00-561 Warszawa<\/strong><\/p>\n<p>Kierownik \/ Dyrektor administracyjny: <strong>Teresa Szcz\u0119sna<\/strong><\/p>\n<p>Telefon: <strong>22 553 08 13<\/strong><\/p>\n<p>Email: <strong>t.szczesna@uw.edu.pl<\/strong><\/p>\n<h3>Wej\u015bcie do budynku<\/h3>\n<p>Wej\u015bcie do budynku Wydzia\u0142u wyposa\u017cone w podjazd dla os\u00f3b z niepe\u0142nosprawno\u015bciami. Drzwi wej\u015bciowe o wymiarach 200 x 102,5 cm s\u0105 otwieraj\u0105 si\u0119 automatycznie.<\/p>\n<h3>Korytarze i przej\u015bcia<\/h3>\n<p>W budynku znajduje si\u0119 winda o wymiarach 123,5 x 92,5 cm z automatycznymi drzwiami.<br \/>\nWej\u015bcia do sal bez prog\u00f3w, po korytarzach mo\u017cna swobodnie przemieszcza\u0107 si\u0119 na w\u00f3zku.<\/p>\n<h3>Procedury<\/h3>\n<p>Osoby z niepe\u0142nosprawno\u015bciami zawsze mog\u0105 liczy\u0107 na pomoc osoby z portierni \/czynna ca\u0142\u0105 dob\u0119\/ gdzie znajduje si\u0119 podgl\u0105d na ca\u0142y budynek, os\u00f3b z szatni, kt\u00f3ra znajduje si\u0119 na parterze budynku oraz innych os\u00f3b znajduj\u0105cych si\u0119 w danym czasie w budynku.<\/p>\n<h3>Dodatkowa pomoc<\/h3>\n<p>W budynku s\u0105 kamery co u\u0142atwia szybki kontakt, w razie potrzebnej pomocy kontakt telefoniczny.<\/p>\n<h3>\u0141azienki, toalety, szatnie<\/h3>\n<p>Toaleta dostosowana dla os\u00f3b z niepe\u0142nosprawno\u015bciami znajduje si\u0119 na parterze budynku. Osoby z niepe\u0142nosprawno\u015bciami mog\u0105 r\u00f3wnie\u017c korzysta\u0107 z wi\u0119kszo\u015bci toalet na pi\u0119trach.<\/p>\n<h3>Dodatkowe dostosowania<\/h3>\n<p>W windzie jest informacja g\u0142osowa. Brak podpis\u00f3w brajlowskich w niekt\u00f3rych salach. Brak p\u0119tli indukcyjnych w budynku.<\/p>\n<h3>Dojazd i miejsca parkingowe<\/h3>\n<p>Przed budynkiem Wydzia\u0142u s\u0105 wyznaczone dwa miejsca parkingowe dla os\u00f3b z niepe\u0142nosprawno\u015bciami. Do budynku Wydzia\u0142u jest dobry dojazd zar\u00f3wno metrem &#8211; stacja Politechnika jak r\u00f3wnie\u017c tramwajem czy autobusem.<\/p>\n<h3>Prawo wst\u0119pu z psem asystuj\u0105cym<\/h3>\n<p>Nie ma ogranicze\u0144 wst\u0119pu z psem asystuj\u0105cym.<\/p>\n<h3>T\u0142umacz PJM<\/h3>\n<p>Potrzeb\u0119 skorzystania z pomocy t\u0142umacza PJM nale\u017cy sk\u0142ada\u0107 do Biura ds. Os\u00f3b Niepe\u0142nosprawnych UW z co najmniej 3 dniowym wyprzedzeniem. Kontakt do BON: \/22\/ 55 24 22, bon@uw.edu.pl, www.bon.uw.edu.pl.<\/p>\n","protected":false},"excerpt":{"rendered":"<p>Uniwersytet Warszawski zobowi\u0105zuje si\u0119 zapewni\u0107 dost\u0119pno\u015b\u0107 swojej strony internetowej zgodnie z przepisami ustawy z dnia 4 kwietnia 2019 r. o dost\u0119pno\u015bci cyfrowej stron internetowych i aplikacji mobilnych podmiot\u00f3w publicznych. O\u015bwiadczenie w sprawie dost\u0119pn\u015bci ma zastosowanie do strony internetowej www.pedagog.uw.edu.pl Data publikacji strony internetowej: 2002-10-01. Data ostatniej istotnej aktualizacji: 2020-08-28 . Status zgodno\u015bci z ustaw\u0105 o [&hellip;]<\/p>\n","protected":false},"author":1,"featured_media":0,"parent":0,"menu_order":0,"comment_status":"closed","ping_status":"closed","template":"","meta":{"footnotes":""},"class_list":["post-396","page","type-page","status-publish","hentry"],"_links":{"self":[{"href":"https:\/\/www.pedagog.uw.edu.pl\/sal2020\/wp-json\/wp\/v2\/pages\/396","targetHints":{"allow":["GET"]}}],"collection":[{"href":"https:\/\/www.pedagog.uw.edu.pl\/sal2020\/wp-json\/wp\/v2\/pages"}],"about":[{"href":"https:\/\/www.pedagog.uw.edu.pl\/sal2020\/wp-json\/wp\/v2\/types\/page"}],"author":[{"embeddable":true,"href":"https:\/\/www.pedagog.uw.edu.pl\/sal2020\/wp-json\/wp\/v2\/users\/1"}],"replies":[{"embeddable":true,"href":"https:\/\/www.pedagog.uw.edu.pl\/sal2020\/wp-json\/wp\/v2\/comments?post=396"}],"version-history":[{"count":1,"href":"https:\/\/www.pedagog.uw.edu.pl\/sal2020\/wp-json\/wp\/v2\/pages\/396\/revisions"}],"predecessor-version":[{"id":397,"href":"https:\/\/www.pedagog.uw.edu.pl\/sal2020\/wp-json\/wp\/v2\/pages\/396\/revisions\/397"}],"wp:attachment":[{"href":"https:\/\/www.pedagog.uw.edu.pl\/sal2020\/wp-json\/wp\/v2\/media?parent=396"}],"curies":[{"name":"wp","href":"https:\/\/api.w.org\/{rel}","templated":true}]}}