{"id":136,"date":"2020-04-13T18:58:11","date_gmt":"2020-04-13T16:58:11","guid":{"rendered":"https:\/\/www.pedagog.uw.edu.pl\/sknrozwoj\/?page_id=136"},"modified":"2026-04-14T20:38:47","modified_gmt":"2026-04-14T18:38:47","slug":"o-nas","status":"publish","type":"page","link":"https:\/\/www.pedagog.uw.edu.pl\/sknrozwoj\/o-nas\/","title":{"rendered":"O nas"},"content":{"rendered":"<div class=\"entry\">\n<p><img loading=\"lazy\" decoding=\"async\" class=\"wp-image-594 alignright\" src=\"https:\/\/www.pedagog.uw.edu.pl\/sknrozwoj\/wp-content\/uploads\/sites\/13\/2021\/11\/skn-1024x889.jpg\" alt=\"\" width=\"319\" height=\"277\" srcset=\"https:\/\/www.pedagog.uw.edu.pl\/sknrozwoj\/wp-content\/uploads\/sites\/13\/2021\/11\/skn-1024x889.jpg 1024w, https:\/\/www.pedagog.uw.edu.pl\/sknrozwoj\/wp-content\/uploads\/sites\/13\/2021\/11\/skn-300x260.jpg 300w, https:\/\/www.pedagog.uw.edu.pl\/sknrozwoj\/wp-content\/uploads\/sites\/13\/2021\/11\/skn-768x666.jpg 768w, https:\/\/www.pedagog.uw.edu.pl\/sknrozwoj\/wp-content\/uploads\/sites\/13\/2021\/11\/skn.jpg 1180w\" sizes=\"auto, (max-width: 319px) 100vw, 319px\" \/><\/p>\n<\/div>\n<div><\/div>\n<p class=\"entry\"><strong>Studenckie Ko\u0142o Naukowe Kierunek: Rozw\u00f3j<\/strong> <span style=\"font-weight: 200\">to grupa student\u00f3w i absolwent\u00f3w <\/span><span style=\"font-weight: 200\">UW, dzia\u0142aj\u0105ca pod czujnym <\/span><span style=\"font-weight: 200\">i czu\u0142ym okiem dr Agnieszki Ma\u0142kowskiej-Szkutnik.<br \/>\nKo\u0142o p<\/span>owsta\u0142o w 2013 roku, a w obecnym sk\u0142adzie dzia\u0142amy od 2017 roku i zapraszamy wszystkich student\u00f3w Uniwersytetu Warszawskiego zainteresowanych pog\u0142\u0119bianiem wiedzy dotyc<em>z<\/em>\u0105cej szeroko rozumianego rozwoju.<\/p>\n<div class=\"entry\"><span style=\"font-weight: 200\">Jeste\u015bmy z r\u00f3\u017cnych wydzia\u0142\u00f3w, kierunk\u00f3w, ze studi\u00f3w zaocznych i dziennych, I i II stopnia, <\/span><span style=\"font-weight: 200\">mamy r\u00f3\u017cne zainteresowania, talenty i plany&#8230; R\u00f3\u017cni nas wiele, ale \u0142\u0105czy jeszcze wi\u0119cej! <\/span><span style=\"font-weight: 200\"><br \/>\n<\/span><span style=\"font-weight: 200\">Ka\u017cdy z nas ma g\u0142ow\u0119 pe\u0142n\u0105 pomys\u0142\u00f3w, du\u017co zapa\u0142u do pracy, ch\u0119\u0107 rozwoju siebie i innych. <\/span><span style=\"font-weight: 200\">Realizujemy r\u00f3\u017cne projekty zwi\u0105zane z rozwojem psychicznym w kontek\u015bcie edukacji<br \/>\ni wychowania. <\/span><span style=\"font-weight: 200\">Pragniemy pozytywnie wp\u0142ywa\u0107 na otaczaj\u0105c\u0105 nas rzeczywisto\u015b\u0107,<br \/>\ndobrze si\u0119 przy tym bawi\u0105c \ud83d\ude42<\/span><\/p>\n<h3>Cele Organizacji<\/h3>\n<ol>\n<li>Pog\u0142\u0119bianie wiedzy oraz samokszta\u0142cenie cz\u0142onk\u00f3w Ko\u0142a w dziedzinie rozwoju cz\u0142owieka.<\/li>\n<li>Prowadzenie bada\u0144 naukowych.<\/li>\n<li>Szerzenie idei rozwoju osobistego w\u015br\u00f3d cz\u0142onk\u00f3w Ko\u0142a i spo\u0142eczno\u015bci Uniwersytetu Warszawskiego, a tak\u017ce w spo\u0142eczno\u015bci lokalnej.<\/li>\n<li>Stwarzanie mo\u017cliwo\u015bci wykorzystania wiedzy teoretycznej do wspierania rozwoju os\u00f3b w r\u00f3\u017cnych okresach \u017cycia.<\/li>\n<\/ol>\n<h3>Organizacja realizuje swoje cele poprzez<\/h3>\n<ol>\n<li>Organizacj\u0119 cyklicznych spotka\u0144 naukowo \u2013 dyskusyjnych.<\/li>\n<li>Udzia\u0142 w konferencjach naukowych oraz organizacj\u0119 tematycznych konferencji, debat.<\/li>\n<li>Uczestnictwo w przedsi\u0119wzi\u0119ciach zwi\u0105zanych z szeroko poj\u0119tym rozwojem organizowanych przez inne instytucje: szko\u0142y, plac\u00f3wki opieku\u0144czo-wychowawcze, organizacje pozarz\u0105dowe itd.<\/li>\n<li>Dzia\u0142ania edukacyjne i organizacj\u0119 kampanii spo\u0142ecznych.<\/li>\n<li>Wsp\u00f3\u0142prac\u0119 z organizacjami zajmuj\u0105cymi si\u0119 wspieraniem rozwoju.<\/li>\n<\/ol>\n<h3>Zarz\u0105d 2025\/26<\/h3>\n<p>Anna Rogalska &#8211; prezes<br \/>\nAnna G\u0142owala &#8211; zast\u0119pca prezesa<br \/>\nZuzanna\u00a0 Skalska &#8211; sekretarz<br \/>\nAmelia Brz\u00f3ska &#8211; skarbnik<\/p>\n<h3><strong>Opiekun<\/strong><\/h3>\n<p>dr Agnieszka Ma\u0142kowska-Szkutnik\u00a0 <a href=\"mailto:amalkowska@uw.edu.pl\">amalkowska@uw.edu.pl<\/a><\/p>\n<p><img loading=\"lazy\" decoding=\"async\" class=\"alignnone wp-image-809 aligncenter\" src=\"https:\/\/www.pedagog.uw.edu.pl\/sknrozwoj\/wp-content\/uploads\/sites\/13\/2026\/04\/plakat-promujacy-studenckie-kolo-naukowe-kierunek-rozwoj-as-a2-225x300.png\" alt=\"\" width=\"487\" height=\"650\" srcset=\"https:\/\/www.pedagog.uw.edu.pl\/sknrozwoj\/wp-content\/uploads\/sites\/13\/2026\/04\/plakat-promujacy-studenckie-kolo-naukowe-kierunek-rozwoj-as-a2-225x300.png 225w, https:\/\/www.pedagog.uw.edu.pl\/sknrozwoj\/wp-content\/uploads\/sites\/13\/2026\/04\/plakat-promujacy-studenckie-kolo-naukowe-kierunek-rozwoj-as-a2-768x1024.png 768w, https:\/\/www.pedagog.uw.edu.pl\/sknrozwoj\/wp-content\/uploads\/sites\/13\/2026\/04\/plakat-promujacy-studenckie-kolo-naukowe-kierunek-rozwoj-as-a2-1152x1536.png 1152w, https:\/\/www.pedagog.uw.edu.pl\/sknrozwoj\/wp-content\/uploads\/sites\/13\/2026\/04\/plakat-promujacy-studenckie-kolo-naukowe-kierunek-rozwoj-as-a2-1536x2048.png 1536w, https:\/\/www.pedagog.uw.edu.pl\/sknrozwoj\/wp-content\/uploads\/sites\/13\/2026\/04\/plakat-promujacy-studenckie-kolo-naukowe-kierunek-rozwoj-as-a2.png 1728w\" sizes=\"auto, (max-width: 487px) 100vw, 487px\" \/><\/p>\n<\/div>\n","protected":false},"excerpt":{"rendered":"<p>Studenckie Ko\u0142o Naukowe Kierunek: Rozw\u00f3j to grupa student\u00f3w i absolwent\u00f3w UW, dzia\u0142aj\u0105ca pod czujnym i czu\u0142ym okiem dr Agnieszki Ma\u0142kowskiej-Szkutnik. Ko\u0142o powsta\u0142o w 2013 roku, a w obecnym sk\u0142adzie dzia\u0142amy od 2017 roku i zapraszamy wszystkich student\u00f3w Uniwersytetu Warszawskiego zainteresowanych pog\u0142\u0119bianiem wiedzy dotycz\u0105cej szeroko rozumianego rozwoju. Jeste\u015bmy z r\u00f3\u017cnych wydzia\u0142\u00f3w, kierunk\u00f3w, ze studi\u00f3w zaocznych i [&hellip;]<\/p>\n","protected":false},"author":58,"featured_media":0,"parent":0,"menu_order":0,"comment_status":"closed","ping_status":"closed","template":"","meta":{"footnotes":""},"class_list":["post-136","page","type-page","status-publish","hentry"],"_links":{"self":[{"href":"https:\/\/www.pedagog.uw.edu.pl\/sknrozwoj\/wp-json\/wp\/v2\/pages\/136","targetHints":{"allow":["GET"]}}],"collection":[{"href":"https:\/\/www.pedagog.uw.edu.pl\/sknrozwoj\/wp-json\/wp\/v2\/pages"}],"about":[{"href":"https:\/\/www.pedagog.uw.edu.pl\/sknrozwoj\/wp-json\/wp\/v2\/types\/page"}],"author":[{"embeddable":true,"href":"https:\/\/www.pedagog.uw.edu.pl\/sknrozwoj\/wp-json\/wp\/v2\/users\/58"}],"replies":[{"embeddable":true,"href":"https:\/\/www.pedagog.uw.edu.pl\/sknrozwoj\/wp-json\/wp\/v2\/comments?post=136"}],"version-history":[{"count":12,"href":"https:\/\/www.pedagog.uw.edu.pl\/sknrozwoj\/wp-json\/wp\/v2\/pages\/136\/revisions"}],"predecessor-version":[{"id":812,"href":"https:\/\/www.pedagog.uw.edu.pl\/sknrozwoj\/wp-json\/wp\/v2\/pages\/136\/revisions\/812"}],"wp:attachment":[{"href":"https:\/\/www.pedagog.uw.edu.pl\/sknrozwoj\/wp-json\/wp\/v2\/media?parent=136"}],"curies":[{"name":"wp","href":"https:\/\/api.w.org\/{rel}","templated":true}]}}