{"id":26,"date":"2019-04-12T11:16:08","date_gmt":"2019-04-12T09:16:08","guid":{"rendered":"https:\/\/www.pedagog.uw.edu.pl\/sknrozwoj\/?page_id=26"},"modified":"2021-11-28T15:42:45","modified_gmt":"2021-11-28T14:42:45","slug":"studenckie-kolo-naukowe-kierunek-rozwoj","status":"publish","type":"page","link":"https:\/\/www.pedagog.uw.edu.pl\/sknrozwoj\/","title":{"rendered":"Studenckie Ko\u0142o Naukowe Kierunek: Rozw\u00f3j"},"content":{"rendered":"<p><img loading=\"lazy\" decoding=\"async\" class=\"wp-image-592 alignleft\" src=\"https:\/\/www.pedagog.uw.edu.pl\/sknrozwoj\/wp-content\/uploads\/sites\/13\/2021\/11\/logo-iza.1-1-300x300.jpg\" alt=\"\" width=\"172\" height=\"172\" srcset=\"https:\/\/www.pedagog.uw.edu.pl\/sknrozwoj\/wp-content\/uploads\/sites\/13\/2021\/11\/logo-iza.1-1-300x300.jpg 300w, https:\/\/www.pedagog.uw.edu.pl\/sknrozwoj\/wp-content\/uploads\/sites\/13\/2021\/11\/logo-iza.1-1-1024x1024.jpg 1024w, https:\/\/www.pedagog.uw.edu.pl\/sknrozwoj\/wp-content\/uploads\/sites\/13\/2021\/11\/logo-iza.1-1-150x150.jpg 150w, https:\/\/www.pedagog.uw.edu.pl\/sknrozwoj\/wp-content\/uploads\/sites\/13\/2021\/11\/logo-iza.1-1-768x768.jpg 768w, https:\/\/www.pedagog.uw.edu.pl\/sknrozwoj\/wp-content\/uploads\/sites\/13\/2021\/11\/logo-iza.1-1-1536x1536.jpg 1536w, https:\/\/www.pedagog.uw.edu.pl\/sknrozwoj\/wp-content\/uploads\/sites\/13\/2021\/11\/logo-iza.1-1.jpg 2000w\" sizes=\"auto, (max-width: 172px) 100vw, 172px\" \/><\/p>\n<p><strong>Witamy Ci\u0119 na naszej stronie!<\/strong><\/p>\n<p>Jeste\u015bmy studentami Wydzia\u0142u Pedagogicznego UW i pod opiek\u0105<br \/>\ndr Agnieszki Ma\u0142kowskiej-Szkutnik realizujemy wsp\u00f3lnie wypracowane pomys\u0142y &#8211; mniej lub bardziej naukowe \ud83d\ude09<\/p>\n<h6><\/h6>\n<p>W aktualnym gronie dzia\u0142amy od 2017 roku. Do tej pory zorganizowali\u015bmy <a href=\"https:\/\/www.pedagog.uw.edu.pl\/sknrozwoj\/2018\/04\/28\/projekcja-filmu-komunia-oraz-spotkanie-z-rezyserka\/\">projekcj\u0119 filmu dokumentalnego<\/a>, stworzyli\u015bmy <a href=\"https:\/\/www.pedagog.uw.edu.pl\/sknrozwoj\/2019\/11\/15\/wpis\/\">film kr\u00f3tkometra\u017cowy<\/a> i wsp\u00f3\u0142organizowali\u015bmy <a href=\"https:\/\/www.pedagog.uw.edu.pl\/sknrozwoj\/2019\/10\/20\/konferencja-naukowa-18-10-2018\/\">konferencj\u0119 naukow\u0105<\/a>. To tylko niekt\u00f3re z naszych dzia\u0142a\u0144! Co wa\u017cne, dzi\u0119ki wsp\u00f3lnym projektom uda\u0142o nam si\u0119 zebra\u0107 grup\u0119 os\u00f3b, kt\u00f3re dobrze czuj\u0105 si\u0119 w swoim towarzystwie i lubi\u0105 razem dzia\u0142a\u0107.<\/p>\n<p>Je\u017celi tak\u017ce masz niespokojn\u0105 dusz\u0119 naukowca i du\u017co pomys\u0142\u00f3w, tylko czekaj\u0105cych na realizacj\u0119, lub po prostu chcesz nas pozna\u0107, zapraszamy do w\u0142\u0105czenia si\u0119 w dzia\u0142alno\u015b\u0107 naszego Ko\u0142a. Wi\u0119cej w zak\u0142adce <a href=\"https:\/\/www.pedagog.uw.edu.pl\/sknrozwoj\/o-nas\/\">O nas<\/a>.<\/p>\n","protected":false},"excerpt":{"rendered":"<p>Witamy Ci\u0119 na naszej stronie! Jeste\u015bmy studentami Wydzia\u0142u Pedagogicznego UW i pod opiek\u0105 dr Agnieszki Ma\u0142kowskiej-Szkutnik realizujemy wsp\u00f3lnie wypracowane pomys\u0142y &#8211; mniej lub bardziej naukowe \ud83d\ude09 W aktualnym gronie dzia\u0142amy od 2017 roku. Do tej pory zorganizowali\u015bmy projekcj\u0119 filmu dokumentalnego, stworzyli\u015bmy film kr\u00f3tkometra\u017cowy i wsp\u00f3\u0142organizowali\u015bmy konferencj\u0119 naukow\u0105. To tylko niekt\u00f3re z naszych dzia\u0142a\u0144! Co wa\u017cne, [&hellip;]<\/p>\n","protected":false},"author":1,"featured_media":0,"parent":0,"menu_order":0,"comment_status":"closed","ping_status":"closed","template":"","meta":{"footnotes":""},"class_list":["post-26","page","type-page","status-publish","hentry"],"_links":{"self":[{"href":"https:\/\/www.pedagog.uw.edu.pl\/sknrozwoj\/wp-json\/wp\/v2\/pages\/26","targetHints":{"allow":["GET"]}}],"collection":[{"href":"https:\/\/www.pedagog.uw.edu.pl\/sknrozwoj\/wp-json\/wp\/v2\/pages"}],"about":[{"href":"https:\/\/www.pedagog.uw.edu.pl\/sknrozwoj\/wp-json\/wp\/v2\/types\/page"}],"author":[{"embeddable":true,"href":"https:\/\/www.pedagog.uw.edu.pl\/sknrozwoj\/wp-json\/wp\/v2\/users\/1"}],"replies":[{"embeddable":true,"href":"https:\/\/www.pedagog.uw.edu.pl\/sknrozwoj\/wp-json\/wp\/v2\/comments?post=26"}],"version-history":[{"count":7,"href":"https:\/\/www.pedagog.uw.edu.pl\/sknrozwoj\/wp-json\/wp\/v2\/pages\/26\/revisions"}],"predecessor-version":[{"id":593,"href":"https:\/\/www.pedagog.uw.edu.pl\/sknrozwoj\/wp-json\/wp\/v2\/pages\/26\/revisions\/593"}],"wp:attachment":[{"href":"https:\/\/www.pedagog.uw.edu.pl\/sknrozwoj\/wp-json\/wp\/v2\/media?parent=26"}],"curies":[{"name":"wp","href":"https:\/\/api.w.org\/{rel}","templated":true}]}}